{"id":938,"date":"2024-04-07T16:29:26","date_gmt":"2024-04-07T19:29:26","guid":{"rendered":"http:\/\/maquinascabrini.com.br\/?page_id=938"},"modified":"2024-04-07T16:33:18","modified_gmt":"2024-04-07T19:33:18","slug":"maquina-de-beneficiamento-abacate-01-3-3","status":"publish","type":"page","link":"https:\/\/maquinascabrini.com.br\/?page_id=938","title":{"rendered":"M\u00c1QUINA DE BANANA"},"content":{"rendered":"\t\t<div data-elementor-type=\"wp-page\" data-elementor-id=\"938\" class=\"elementor elementor-938\" data-elementor-post-type=\"page\">\n\t\t\t\t<div class=\"elementor-element elementor-element-5f4fd62 e-flex e-con-boxed e-con e-parent\" data-id=\"5f4fd62\" data-element_type=\"container\">\n\t\t\t\t\t<div class=\"e-con-inner\">\n\t\t\t\t<div class=\"elementor-element elementor-element-068e53c elementor-widget elementor-widget-heading\" data-id=\"068e53c\" data-element_type=\"widget\" data-widget_type=\"heading.default\">\n\t\t\t\t<div class=\"elementor-widget-container\">\n\t\t\t<h2 class=\"elementor-heading-title elementor-size-default\">M\u00e1quina de Banana<\/h2>\t\t<\/div>\n\t\t\t\t<\/div>\n\t\t\t\t\t<\/div>\n\t\t\t\t<\/div>\n\t\t<div class=\"elementor-element elementor-element-677d442 e-flex e-con-boxed e-con e-parent\" data-id=\"677d442\" data-element_type=\"container\" data-settings=\"{&quot;background_background&quot;:&quot;classic&quot;}\">\n\t\t\t\t\t<div class=\"e-con-inner\">\n\t\t<div class=\"elementor-element elementor-element-6507061 e-con-full e-flex e-con e-child\" data-id=\"6507061\" data-element_type=\"container\">\n\t\t\t\t<div class=\"elementor-element elementor-element-b15df48 elementor-widget elementor-widget-heading\" data-id=\"b15df48\" data-element_type=\"widget\" data-widget_type=\"heading.default\">\n\t\t\t\t<div class=\"elementor-widget-container\">\n\t\t\t<h2 class=\"elementor-heading-title elementor-size-default\">Descri\u00e7\u00e3o<\/h2>\t\t<\/div>\n\t\t\t\t<\/div>\n\t\t\t\t<div class=\"elementor-element elementor-element-27cb277 elementor-widget elementor-widget-text-editor\" data-id=\"27cb277\" data-element_type=\"widget\" data-widget_type=\"text-editor.default\">\n\t\t\t\t<div class=\"elementor-widget-container\">\n\t\t\t\t\t\t\t<ul><li class=\"p1\">Projetos especiais produzidos conforme a necessidade do cliente.<\/li><\/ul>\t\t\t\t\t\t<\/div>\n\t\t\t\t<\/div>\n\t\t\t\t<\/div>\n\t\t<div class=\"elementor-element elementor-element-c47f698 e-con-full e-flex e-con e-child\" data-id=\"c47f698\" data-element_type=\"container\">\n\t\t\t\t<div class=\"elementor-element elementor-element-faa23e2 elementor-widget elementor-widget-image\" data-id=\"faa23e2\" data-element_type=\"widget\" data-widget_type=\"image.default\">\n\t\t\t\t<div class=\"elementor-widget-container\">\n\t\t\t\t\t\t\t\t\t\t\t\t\t<img fetchpriority=\"high\" decoding=\"async\" width=\"350\" height=\"300\" src=\"https:\/\/maquinascabrini.com.br\/wp-content\/uploads\/2024\/04\/15.jpg\" class=\"attachment-full size-full wp-image-944\" alt=\"\" srcset=\"https:\/\/maquinascabrini.com.br\/wp-content\/uploads\/2024\/04\/15.jpg 350w, https:\/\/maquinascabrini.com.br\/wp-content\/uploads\/2024\/04\/15-300x257.jpg 300w\" sizes=\"(max-width: 350px) 100vw, 350px\" \/>\t\t\t\t\t\t\t\t\t\t\t\t\t<\/div>\n\t\t\t\t<\/div>\n\t\t\t\t<\/div>\n\t\t\t\t\t<\/div>\n\t\t\t\t<\/div>\n\t\t<div class=\"elementor-element elementor-element-fda2806 e-flex e-con-boxed e-con e-parent\" data-id=\"fda2806\" data-element_type=\"container\">\n\t\t\t\t\t<div class=\"e-con-inner\">\n\t\t\t\t<div class=\"elementor-element elementor-element-f522d16 elementor-widget elementor-widget-image-gallery\" data-id=\"f522d16\" data-element_type=\"widget\" data-widget_type=\"image-gallery.default\">\n\t\t\t\t<div class=\"elementor-widget-container\">\n\t\t\t\t\t<div class=\"elementor-image-gallery\">\n\t\t\t<div id='gallery-1' class='gallery galleryid-938 gallery-columns-3 gallery-size-full'><figure class='gallery-item'>\n\t\t\t<div class='gallery-icon landscape'>\n\t\t\t\t<a data-elementor-open-lightbox=\"yes\" data-elementor-lightbox-slideshow=\"f522d16\" data-elementor-lightbox-title=\"xr:d:DAGBgaV7Yr4:29,j:6968618674239351962,t:24040719\" data-e-action-hash=\"#elementor-action%3Aaction%3Dlightbox%26settings%3DeyJpZCI6OTQ3LCJ1cmwiOiJodHRwczpcL1wvbWFxdWluYXNjYWJyaW5pLmNvbS5iclwvd3AtY29udGVudFwvdXBsb2Fkc1wvMjAyNFwvMDRcLzE1LTEuanBnIiwic2xpZGVzaG93IjoiZjUyMmQxNiJ9\" href='https:\/\/maquinascabrini.com.br\/wp-content\/uploads\/2024\/04\/15-1.jpg'><img decoding=\"async\" width=\"350\" height=\"300\" src=\"https:\/\/maquinascabrini.com.br\/wp-content\/uploads\/2024\/04\/15-1.jpg\" class=\"attachment-full size-full\" alt=\"\" srcset=\"https:\/\/maquinascabrini.com.br\/wp-content\/uploads\/2024\/04\/15-1.jpg 350w, https:\/\/maquinascabrini.com.br\/wp-content\/uploads\/2024\/04\/15-1-300x257.jpg 300w\" sizes=\"(max-width: 350px) 100vw, 350px\" \/><\/a>\n\t\t\t<\/div><\/figure><figure class='gallery-item'>\n\t\t\t<div class='gallery-icon landscape'>\n\t\t\t\t<a data-elementor-open-lightbox=\"yes\" data-elementor-lightbox-slideshow=\"f522d16\" data-elementor-lightbox-title=\"xr:d:DAGBgaV7Yr4:29,j:6968618674239351962,t:24040719\" data-e-action-hash=\"#elementor-action%3Aaction%3Dlightbox%26settings%3DeyJpZCI6OTQ4LCJ1cmwiOiJodHRwczpcL1wvbWFxdWluYXNjYWJyaW5pLmNvbS5iclwvd3AtY29udGVudFwvdXBsb2Fkc1wvMjAyNFwvMDRcLzE2LTEuanBnIiwic2xpZGVzaG93IjoiZjUyMmQxNiJ9\" href='https:\/\/maquinascabrini.com.br\/wp-content\/uploads\/2024\/04\/16-1.jpg'><img decoding=\"async\" width=\"350\" height=\"300\" src=\"https:\/\/maquinascabrini.com.br\/wp-content\/uploads\/2024\/04\/16-1.jpg\" class=\"attachment-full size-full\" alt=\"\" srcset=\"https:\/\/maquinascabrini.com.br\/wp-content\/uploads\/2024\/04\/16-1.jpg 350w, https:\/\/maquinascabrini.com.br\/wp-content\/uploads\/2024\/04\/16-1-300x257.jpg 300w\" sizes=\"(max-width: 350px) 100vw, 350px\" \/><\/a>\n\t\t\t<\/div><\/figure><figure class='gallery-item'>\n\t\t\t<div class='gallery-icon landscape'>\n\t\t\t\t<a data-elementor-open-lightbox=\"yes\" data-elementor-lightbox-slideshow=\"f522d16\" data-elementor-lightbox-title=\"xr:d:DAGBgaV7Yr4:29,j:6968618674239351962,t:24040719\" data-e-action-hash=\"#elementor-action%3Aaction%3Dlightbox%26settings%3DeyJpZCI6OTQ5LCJ1cmwiOiJodHRwczpcL1wvbWFxdWluYXNjYWJyaW5pLmNvbS5iclwvd3AtY29udGVudFwvdXBsb2Fkc1wvMjAyNFwvMDRcLzE3LTEuanBnIiwic2xpZGVzaG93IjoiZjUyMmQxNiJ9\" href='https:\/\/maquinascabrini.com.br\/wp-content\/uploads\/2024\/04\/17-1.jpg'><img loading=\"lazy\" decoding=\"async\" width=\"350\" height=\"300\" src=\"https:\/\/maquinascabrini.com.br\/wp-content\/uploads\/2024\/04\/17-1.jpg\" class=\"attachment-full size-full\" alt=\"\" srcset=\"https:\/\/maquinascabrini.com.br\/wp-content\/uploads\/2024\/04\/17-1.jpg 350w, https:\/\/maquinascabrini.com.br\/wp-content\/uploads\/2024\/04\/17-1-300x257.jpg 300w\" sizes=\"(max-width: 350px) 100vw, 350px\" \/><\/a>\n\t\t\t<\/div><\/figure>\n\t\t<\/div>\n\t\t<\/div>\n\t\t\t\t<\/div>\n\t\t\t\t<\/div>\n\t\t\t\t\t<\/div>\n\t\t\t\t<\/div>\n\t\t\t\t<\/div>\n\t\t","protected":false},"excerpt":{"rendered":"<p>M\u00e1quina de Banana Descri\u00e7\u00e3o Projetos especiais produzidos conforme a necessidade do cliente.<\/p>\n","protected":false},"author":1,"featured_media":0,"parent":0,"menu_order":0,"comment_status":"closed","ping_status":"closed","template":"elementor_header_footer","meta":{"footnotes":""},"class_list":["post-938","page","type-page","status-publish","hentry"],"_links":{"self":[{"href":"https:\/\/maquinascabrini.com.br\/index.php?rest_route=\/wp\/v2\/pages\/938","targetHints":{"allow":["GET"]}}],"collection":[{"href":"https:\/\/maquinascabrini.com.br\/index.php?rest_route=\/wp\/v2\/pages"}],"about":[{"href":"https:\/\/maquinascabrini.com.br\/index.php?rest_route=\/wp\/v2\/types\/page"}],"author":[{"embeddable":true,"href":"https:\/\/maquinascabrini.com.br\/index.php?rest_route=\/wp\/v2\/users\/1"}],"replies":[{"embeddable":true,"href":"https:\/\/maquinascabrini.com.br\/index.php?rest_route=%2Fwp%2Fv2%2Fcomments&post=938"}],"version-history":[{"count":4,"href":"https:\/\/maquinascabrini.com.br\/index.php?rest_route=\/wp\/v2\/pages\/938\/revisions"}],"predecessor-version":[{"id":952,"href":"https:\/\/maquinascabrini.com.br\/index.php?rest_route=\/wp\/v2\/pages\/938\/revisions\/952"}],"wp:attachment":[{"href":"https:\/\/maquinascabrini.com.br\/index.php?rest_route=%2Fwp%2Fv2%2Fmedia&parent=938"}],"curies":[{"name":"wp","href":"https:\/\/api.w.org\/{rel}","templated":true}]}}