{"id":9,"date":"2024-04-04T15:45:12","date_gmt":"2024-04-04T18:45:12","guid":{"rendered":"http:\/\/maquinascabrini.com.br\/?page_id=9"},"modified":"2024-10-28T19:56:17","modified_gmt":"2024-10-28T22:56:17","slug":"empresa","status":"publish","type":"page","link":"https:\/\/maquinascabrini.com.br\/?page_id=9","title":{"rendered":"Empresa"},"content":{"rendered":"\t\t<div data-elementor-type=\"wp-page\" data-elementor-id=\"9\" class=\"elementor elementor-9\" data-elementor-post-type=\"page\">\n\t\t\t\t<div class=\"elementor-element elementor-element-8868070 elementor-hidden-tablet elementor-hidden-mobile e-flex e-con-boxed e-con e-parent\" data-id=\"8868070\" data-element_type=\"container\" data-settings=\"{&quot;background_background&quot;:&quot;video&quot;,&quot;background_video_link&quot;:&quot;https:\\\/\\\/youtu.be\\\/o6lfva-1iYc&quot;,&quot;background_video_start&quot;:16,&quot;background_video_end&quot;:18,&quot;background_play_on_mobile&quot;:&quot;yes&quot;}\">\n\t\t\t\t\t<div class=\"e-con-inner\">\n\t\t<div class=\"elementor-background-video-container\">\n\t\t\t\t\t\t\t<div class=\"elementor-background-video-embed\"><\/div>\n\t\t\t\t\t\t<\/div>\t\t\t<\/div>\n\t\t\t\t<\/div>\n\t\t<div class=\"elementor-element elementor-element-cf0336e elementor-hidden-desktop e-flex e-con-boxed e-con e-parent\" data-id=\"cf0336e\" data-element_type=\"container\" data-settings=\"{&quot;background_background&quot;:&quot;video&quot;,&quot;background_video_link&quot;:&quot;https:\\\/\\\/youtu.be\\\/o6lfva-1iYc&quot;,&quot;background_video_start&quot;:16,&quot;background_video_end&quot;:18,&quot;background_play_on_mobile&quot;:&quot;yes&quot;}\">\n\t\t\t\t\t<div class=\"e-con-inner\">\n\t\t<div class=\"elementor-background-video-container\">\n\t\t\t\t\t\t\t<div class=\"elementor-background-video-embed\"><\/div>\n\t\t\t\t\t\t<\/div>\t\t\t<\/div>\n\t\t\t\t<\/div>\n\t\t<div class=\"elementor-element elementor-element-90f95b4 elementor-hidden-desktop e-flex e-con-boxed e-con e-parent\" data-id=\"90f95b4\" data-element_type=\"container\" data-settings=\"{&quot;background_background&quot;:&quot;classic&quot;}\">\n\t\t\t\t\t<div class=\"e-con-inner\">\n\t\t<div class=\"elementor-element elementor-element-0c06d94 e-con-full e-flex elementor-invisible e-con e-child\" data-id=\"0c06d94\" data-element_type=\"container\" data-settings=\"{&quot;animation&quot;:&quot;fadeIn&quot;}\">\n\t\t\t\t<div class=\"elementor-element elementor-element-6fc653c elementor-widget elementor-widget-heading\" data-id=\"6fc653c\" data-element_type=\"widget\" data-widget_type=\"heading.default\">\n\t\t\t\t<div class=\"elementor-widget-container\">\n\t\t\t<h2 class=\"elementor-heading-title elementor-size-default\">Nossa Hist\u00f3ria<\/h2>\t\t<\/div>\n\t\t\t\t<\/div>\n\t\t\t\t<div class=\"elementor-element elementor-element-b4d79e2 elementor-widget elementor-widget-text-editor\" data-id=\"b4d79e2\" data-element_type=\"widget\" data-widget_type=\"text-editor.default\">\n\t\t\t\t<div class=\"elementor-widget-container\">\n\t\t\t\t\t\t\t<p>Fundada em 1993, a Cabrini conta com mais de 20 anos de hist\u00f3ria e aprendizado no setor de equipamentos agroindustriais.<br \/>Entendemos o mercado e evolu\u00edmos com ele, sempre inovando. Hoje, com um processo totalmente industrializado, substitu\u00edmos todo o madeiramento dos nossos produtos por chapas de a\u00e7o carbono e inox.<\/p><p>Em 2004, inserimos em nosso processo de produ\u00e7\u00e3o a maquina de corte plasma. Mais econ\u00f4mica e sustent\u00e1vel, ela n\u00e3o agride o meio ambiente e proporciona qualidade e precis\u00e3o no acabamento de nossas maquinas de beneficiamento.<\/p>\t\t\t\t\t\t<\/div>\n\t\t\t\t<\/div>\n\t\t\t\t<\/div>\n\t\t<div class=\"elementor-element elementor-element-b84d344 e-con-full e-flex elementor-invisible e-con e-child\" data-id=\"b84d344\" data-element_type=\"container\" data-settings=\"{&quot;animation&quot;:&quot;fadeIn&quot;}\">\n\t\t\t\t<div class=\"elementor-element elementor-element-5fa6f8f elementor-widget elementor-widget-video\" data-id=\"5fa6f8f\" data-element_type=\"widget\" data-settings=\"{&quot;youtube_url&quot;:&quot;https:\\\/\\\/youtu.be\\\/o6lfva-1iYc&quot;,&quot;video_type&quot;:&quot;youtube&quot;,&quot;controls&quot;:&quot;yes&quot;}\" data-widget_type=\"video.default\">\n\t\t\t\t<div class=\"elementor-widget-container\">\n\t\t\t\t\t<div class=\"elementor-wrapper elementor-open-inline\">\n\t\t\t<div class=\"elementor-video\"><\/div>\t\t<\/div>\n\t\t\t\t<\/div>\n\t\t\t\t<\/div>\n\t\t\t\t<\/div>\n\t\t<div class=\"elementor-element elementor-element-62efffa e-con-full e-flex e-con e-child\" data-id=\"62efffa\" data-element_type=\"container\">\n\t\t\t\t<div class=\"elementor-element elementor-element-42fb0ed elementor-widget elementor-widget-image\" data-id=\"42fb0ed\" data-element_type=\"widget\" data-widget_type=\"image.default\">\n\t\t\t\t<div class=\"elementor-widget-container\">\n\t\t\t\t\t\t\t\t\t\t\t\t\t<img fetchpriority=\"high\" decoding=\"async\" width=\"800\" height=\"534\" src=\"https:\/\/maquinascabrini.com.br\/wp-content\/uploads\/2024\/04\/20190829110412-1024x683.jpg\" class=\"attachment-large size-large wp-image-858\" alt=\"\" srcset=\"https:\/\/maquinascabrini.com.br\/wp-content\/uploads\/2024\/04\/20190829110412-1024x683.jpg 1024w, https:\/\/maquinascabrini.com.br\/wp-content\/uploads\/2024\/04\/20190829110412-300x200.jpg 300w, https:\/\/maquinascabrini.com.br\/wp-content\/uploads\/2024\/04\/20190829110412-768x512.jpg 768w, https:\/\/maquinascabrini.com.br\/wp-content\/uploads\/2024\/04\/20190829110412.jpg 1503w\" sizes=\"(max-width: 800px) 100vw, 800px\" \/>\t\t\t\t\t\t\t\t\t\t\t\t\t<\/div>\n\t\t\t\t<\/div>\n\t\t\t\t<\/div>\n\t\t<div class=\"elementor-element elementor-element-82ce02b e-con-full e-flex elementor-invisible e-con e-child\" data-id=\"82ce02b\" data-element_type=\"container\" data-settings=\"{&quot;animation&quot;:&quot;fadeIn&quot;}\">\n\t\t\t\t<div class=\"elementor-element elementor-element-d7b810c elementor-widget elementor-widget-text-editor\" data-id=\"d7b810c\" data-element_type=\"widget\" data-widget_type=\"text-editor.default\">\n\t\t\t\t<div class=\"elementor-widget-container\">\n\t\t\t\t\t\t\t<p>O classificador eletr\u00f4nico entrou em nossa linha de produtos em 2010, melhorando a qualidade da classifica\u00e7\u00e3o de frutas e legumes e aumentando a produ\u00e7\u00e3o de nossos clientes.<\/p><p>Com total autonomia na produ\u00e7\u00e3o dos produtos e projetos, a Cabrini fabrica 95% de tudo que comercializa, possibilitando o fornecimento de pe\u00e7as, como as escovas, para outras empresas do ramo de equipamentos agroindustriais.<\/p><p>Temos um atendimento preocupado com a demanda de cada cliente, por isso, cada projeto \u00e9 \u00fanico, pensado e idealizado por uma equipe de projetistas e engenheiros. Desta forma, firmamos o compromisso com a produtividade e competitividade de nossos clientes.<\/p>\t\t\t\t\t\t<\/div>\n\t\t\t\t<\/div>\n\t\t\t\t<\/div>\n\t\t\t\t\t<\/div>\n\t\t\t\t<\/div>\n\t\t<div class=\"elementor-element elementor-element-95d8eba elementor-hidden-tablet elementor-hidden-mobile e-flex e-con-boxed e-con e-parent\" data-id=\"95d8eba\" data-element_type=\"container\" data-settings=\"{&quot;background_background&quot;:&quot;classic&quot;}\">\n\t\t\t\t\t<div class=\"e-con-inner\">\n\t\t<div class=\"elementor-element elementor-element-c022c23 e-con-full e-flex elementor-invisible e-con e-child\" data-id=\"c022c23\" data-element_type=\"container\" data-settings=\"{&quot;animation&quot;:&quot;fadeIn&quot;}\">\n\t\t\t\t<div class=\"elementor-element elementor-element-7245a84 elementor-widget elementor-widget-heading\" data-id=\"7245a84\" data-element_type=\"widget\" data-widget_type=\"heading.default\">\n\t\t\t\t<div class=\"elementor-widget-container\">\n\t\t\t<h2 class=\"elementor-heading-title elementor-size-default\">Nossa Hist\u00f3ria<\/h2>\t\t<\/div>\n\t\t\t\t<\/div>\n\t\t\t\t<div class=\"elementor-element elementor-element-083f517 elementor-widget elementor-widget-text-editor\" data-id=\"083f517\" data-element_type=\"widget\" data-widget_type=\"text-editor.default\">\n\t\t\t\t<div class=\"elementor-widget-container\">\n\t\t\t\t\t\t\t<p>Fundada em 1993, a Cabrini conta com mais de 30 anos de hist\u00f3ria e aprendizado no setor de equipamentos agroindustriais.<br \/>Entendemos o mercado e evolu\u00edmos com ele, sempre inovando. Hoje, com um processo totalmente industrializado, substitu\u00edmos todo o madeiramento dos nossos produtos por chapas de a\u00e7o carbono e inox.<\/p><p>Em 2004, inserimos em nosso processo de produ\u00e7\u00e3o a maquina de corte plasma. Mais econ\u00f4mica e sustent\u00e1vel, ela n\u00e3o agride o meio ambiente e proporciona qualidade e precis\u00e3o no acabamento de nossas maquinas de beneficiamento.<\/p>\t\t\t\t\t\t<\/div>\n\t\t\t\t<\/div>\n\t\t\t\t<\/div>\n\t\t<div class=\"elementor-element elementor-element-64eee63 e-con-full e-flex elementor-invisible e-con e-child\" data-id=\"64eee63\" data-element_type=\"container\" data-settings=\"{&quot;animation&quot;:&quot;fadeIn&quot;}\">\n\t\t\t\t<div class=\"elementor-element elementor-element-907593f elementor-widget elementor-widget-video\" data-id=\"907593f\" data-element_type=\"widget\" data-settings=\"{&quot;youtube_url&quot;:&quot;https:\\\/\\\/youtu.be\\\/o6lfva-1iYc&quot;,&quot;video_type&quot;:&quot;youtube&quot;,&quot;controls&quot;:&quot;yes&quot;}\" data-widget_type=\"video.default\">\n\t\t\t\t<div class=\"elementor-widget-container\">\n\t\t\t\t\t<div class=\"elementor-wrapper elementor-open-inline\">\n\t\t\t<div class=\"elementor-video\"><\/div>\t\t<\/div>\n\t\t\t\t<\/div>\n\t\t\t\t<\/div>\n\t\t\t\t<\/div>\n\t\t<div class=\"elementor-element elementor-element-def8665 e-con-full e-flex e-con e-child\" data-id=\"def8665\" data-element_type=\"container\">\n\t\t\t\t<div class=\"elementor-element elementor-element-4296921 elementor-widget elementor-widget-image\" data-id=\"4296921\" data-element_type=\"widget\" data-widget_type=\"image.default\">\n\t\t\t\t<div class=\"elementor-widget-container\">\n\t\t\t\t\t\t\t\t\t\t\t\t\t<img fetchpriority=\"high\" decoding=\"async\" width=\"800\" height=\"534\" src=\"https:\/\/maquinascabrini.com.br\/wp-content\/uploads\/2024\/04\/20190829110412-1024x683.jpg\" class=\"attachment-large size-large wp-image-858\" alt=\"\" srcset=\"https:\/\/maquinascabrini.com.br\/wp-content\/uploads\/2024\/04\/20190829110412-1024x683.jpg 1024w, https:\/\/maquinascabrini.com.br\/wp-content\/uploads\/2024\/04\/20190829110412-300x200.jpg 300w, https:\/\/maquinascabrini.com.br\/wp-content\/uploads\/2024\/04\/20190829110412-768x512.jpg 768w, https:\/\/maquinascabrini.com.br\/wp-content\/uploads\/2024\/04\/20190829110412.jpg 1503w\" sizes=\"(max-width: 800px) 100vw, 800px\" \/>\t\t\t\t\t\t\t\t\t\t\t\t\t<\/div>\n\t\t\t\t<\/div>\n\t\t\t\t<\/div>\n\t\t<div class=\"elementor-element elementor-element-77985bd e-con-full e-flex elementor-invisible e-con e-child\" data-id=\"77985bd\" data-element_type=\"container\" data-settings=\"{&quot;animation&quot;:&quot;fadeIn&quot;}\">\n\t\t\t\t<div class=\"elementor-element elementor-element-3440ac0 elementor-widget elementor-widget-text-editor\" data-id=\"3440ac0\" data-element_type=\"widget\" data-widget_type=\"text-editor.default\">\n\t\t\t\t<div class=\"elementor-widget-container\">\n\t\t\t\t\t\t\t<p>O classificador eletr\u00f4nico entrou em nossa linha de produtos em 2010, melhorando a qualidade da classifica\u00e7\u00e3o de frutas e legumes e aumentando a produ\u00e7\u00e3o de nossos clientes.<\/p><p>Com total autonomia na produ\u00e7\u00e3o dos produtos e projetos, a Cabrini fabrica 95% de tudo que comercializa, possibilitando o fornecimento de pe\u00e7as, como as escovas, para outras empresas do ramo de equipamentos agroindustriais.<\/p><p>Temos um atendimento preocupado com a demanda de cada cliente, por isso, cada projeto \u00e9 \u00fanico, pensado e idealizado por uma equipe de projetistas e engenheiros. Desta forma, firmamos o compromisso com a produtividade e competitividade de nossos clientes.<\/p>\t\t\t\t\t\t<\/div>\n\t\t\t\t<\/div>\n\t\t\t\t<\/div>\n\t\t\t\t\t<\/div>\n\t\t\t\t<\/div>\n\t\t<div class=\"elementor-element elementor-element-8bdaa9b e-flex e-con-boxed e-con e-parent\" data-id=\"8bdaa9b\" data-element_type=\"container\">\n\t\t\t\t\t<div class=\"e-con-inner\">\n\t\t\t\t<div class=\"elementor-element elementor-element-1a37ae3 elementor-shape-circle e-grid-align-mobile-center elementor-grid-0 e-grid-align-center elementor-widget elementor-widget-social-icons\" data-id=\"1a37ae3\" data-element_type=\"widget\" data-widget_type=\"social-icons.default\">\n\t\t\t\t<div class=\"elementor-widget-container\">\n\t\t\t\t\t<div class=\"elementor-social-icons-wrapper elementor-grid\">\n\t\t\t\t\t\t\t<span class=\"elementor-grid-item\">\n\t\t\t\t\t<a class=\"elementor-icon elementor-social-icon elementor-social-icon-whatsapp elementor-animation-grow elementor-repeater-item-63d31ef\" href=\"https:\/\/wa.me\/+55019997904103\" target=\"_blank\" rel=\"nofollow\">\n\t\t\t\t\t\t<span class=\"elementor-screen-only\">Whatsapp<\/span>\n\t\t\t\t\t\t<svg class=\"e-font-icon-svg e-fab-whatsapp\" viewBox=\"0 0 448 512\" xmlns=\"http:\/\/www.w3.org\/2000\/svg\"><path d=\"M380.9 97.1C339 55.1 283.2 32 223.9 32c-122.4 0-222 99.6-222 222 0 39.1 10.2 77.3 29.6 111L0 480l117.7-30.9c32.4 17.7 68.9 27 106.1 27h.1c122.3 0 224.1-99.6 224.1-222 0-59.3-25.2-115-67.1-157zm-157 341.6c-33.2 0-65.7-8.9-94-25.7l-6.7-4-69.8 18.3L72 359.2l-4.4-7c-18.5-29.4-28.2-63.3-28.2-98.2 0-101.7 82.8-184.5 184.6-184.5 49.3 0 95.6 19.2 130.4 54.1 34.8 34.9 56.2 81.2 56.1 130.5 0 101.8-84.9 184.6-186.6 184.6zm101.2-138.2c-5.5-2.8-32.8-16.2-37.9-18-5.1-1.9-8.8-2.8-12.5 2.8-3.7 5.6-14.3 18-17.6 21.8-3.2 3.7-6.5 4.2-12 1.4-32.6-16.3-54-29.1-75.5-66-5.7-9.8 5.7-9.1 16.3-30.3 1.8-3.7.9-6.9-.5-9.7-1.4-2.8-12.5-30.1-17.1-41.2-4.5-10.8-9.1-9.3-12.5-9.5-3.2-.2-6.9-.2-10.6-.2-3.7 0-9.7 1.4-14.8 6.9-5.1 5.6-19.4 19-19.4 46.3 0 27.3 19.9 53.7 22.6 57.4 2.8 3.7 39.1 59.7 94.8 83.8 35.2 15.2 49 16.5 66.6 13.9 10.7-1.6 32.8-13.4 37.4-26.4 4.6-13 4.6-24.1 3.2-26.4-1.3-2.5-5-3.9-10.5-6.6z\"><\/path><\/svg>\t\t\t\t\t<\/a>\n\t\t\t\t<\/span>\n\t\t\t\t\t\t\t<span class=\"elementor-grid-item\">\n\t\t\t\t\t<a class=\"elementor-icon elementor-social-icon elementor-social-icon-instagram elementor-animation-grow elementor-repeater-item-907bbc1\" href=\"https:\/\/www.instagram.com\/explore\/locations\/105986487870471\/maquinas-cabrini---contato-piva-19-98421-7510\/\" target=\"_blank\" rel=\"nofollow\">\n\t\t\t\t\t\t<span class=\"elementor-screen-only\">Instagram<\/span>\n\t\t\t\t\t\t<svg class=\"e-font-icon-svg e-fab-instagram\" viewBox=\"0 0 448 512\" xmlns=\"http:\/\/www.w3.org\/2000\/svg\"><path d=\"M224.1 141c-63.6 0-114.9 51.3-114.9 114.9s51.3 114.9 114.9 114.9S339 319.5 339 255.9 287.7 141 224.1 141zm0 189.6c-41.1 0-74.7-33.5-74.7-74.7s33.5-74.7 74.7-74.7 74.7 33.5 74.7 74.7-33.6 74.7-74.7 74.7zm146.4-194.3c0 14.9-12 26.8-26.8 26.8-14.9 0-26.8-12-26.8-26.8s12-26.8 26.8-26.8 26.8 12 26.8 26.8zm76.1 27.2c-1.7-35.9-9.9-67.7-36.2-93.9-26.2-26.2-58-34.4-93.9-36.2-37-2.1-147.9-2.1-184.9 0-35.8 1.7-67.6 9.9-93.9 36.1s-34.4 58-36.2 93.9c-2.1 37-2.1 147.9 0 184.9 1.7 35.9 9.9 67.7 36.2 93.9s58 34.4 93.9 36.2c37 2.1 147.9 2.1 184.9 0 35.9-1.7 67.7-9.9 93.9-36.2 26.2-26.2 34.4-58 36.2-93.9 2.1-37 2.1-147.8 0-184.8zM398.8 388c-7.8 19.6-22.9 34.7-42.6 42.6-29.5 11.7-99.5 9-132.1 9s-102.7 2.6-132.1-9c-19.6-7.8-34.7-22.9-42.6-42.6-11.7-29.5-9-99.5-9-132.1s-2.6-102.7 9-132.1c7.8-19.6 22.9-34.7 42.6-42.6 29.5-11.7 99.5-9 132.1-9s102.7-2.6 132.1 9c19.6 7.8 34.7 22.9 42.6 42.6 11.7 29.5 9 99.5 9 132.1s2.7 102.7-9 132.1z\"><\/path><\/svg>\t\t\t\t\t<\/a>\n\t\t\t\t<\/span>\n\t\t\t\t\t\t\t<span class=\"elementor-grid-item\">\n\t\t\t\t\t<a class=\"elementor-icon elementor-social-icon elementor-social-icon-youtube elementor-animation-grow elementor-repeater-item-a55dcce\" href=\"https:\/\/www.youtube.com\/@cabrinimaquinas9958\" target=\"_blank\" rel=\"nofollow\">\n\t\t\t\t\t\t<span class=\"elementor-screen-only\">Youtube<\/span>\n\t\t\t\t\t\t<svg class=\"e-font-icon-svg e-fab-youtube\" viewBox=\"0 0 576 512\" xmlns=\"http:\/\/www.w3.org\/2000\/svg\"><path d=\"M549.655 124.083c-6.281-23.65-24.787-42.276-48.284-48.597C458.781 64 288 64 288 64S117.22 64 74.629 75.486c-23.497 6.322-42.003 24.947-48.284 48.597-11.412 42.867-11.412 132.305-11.412 132.305s0 89.438 11.412 132.305c6.281 23.65 24.787 41.5 48.284 47.821C117.22 448 288 448 288 448s170.78 0 213.371-11.486c23.497-6.321 42.003-24.171 48.284-47.821 11.412-42.867 11.412-132.305 11.412-132.305s0-89.438-11.412-132.305zm-317.51 213.508V175.185l142.739 81.205-142.739 81.201z\"><\/path><\/svg>\t\t\t\t\t<\/a>\n\t\t\t\t<\/span>\n\t\t\t\t\t<\/div>\n\t\t\t\t<\/div>\n\t\t\t\t<\/div>\n\t\t\t\t\t<\/div>\n\t\t\t\t<\/div>\n\t\t<div class=\"elementor-element elementor-element-5a8a167 e-flex e-con-boxed e-con e-parent\" data-id=\"5a8a167\" data-element_type=\"container\">\n\t\t\t\t\t<div class=\"e-con-inner\">\n\t\t\t\t<div class=\"elementor-element elementor-element-bd81597 elementor-widget elementor-widget-text-editor\" data-id=\"bd81597\" data-element_type=\"widget\" data-widget_type=\"text-editor.default\">\n\t\t\t\t<div class=\"elementor-widget-container\">\n\t\t\t\t\t\t\t<p>Lorem ipsum dolor sit amet, consectetur adipiscing elit. Ut elit tellus, luctus nec ullamcorper mattis, pulvinar dapibus leo.<\/p>\t\t\t\t\t\t<\/div>\n\t\t\t\t<\/div>\n\t\t\t\t\t<\/div>\n\t\t\t\t<\/div>\n\t\t\t\t<\/div>\n\t\t","protected":false},"excerpt":{"rendered":"<p>Nossa Hist\u00f3ria Fundada em 1993, a Cabrini conta com mais de 20 anos de hist\u00f3ria e aprendizado no setor de equipamentos agroindustriais.Entendemos o mercado e evolu\u00edmos com ele, sempre inovando. Hoje, com um processo totalmente industrializado, substitu\u00edmos todo o madeiramento dos nossos produtos por chapas de a\u00e7o carbono e inox. Em 2004, inserimos em nosso [&hellip;]<\/p>\n","protected":false},"author":1,"featured_media":0,"parent":0,"menu_order":0,"comment_status":"closed","ping_status":"closed","template":"elementor_header_footer","meta":{"footnotes":""},"class_list":["post-9","page","type-page","status-publish","hentry"],"_links":{"self":[{"href":"https:\/\/maquinascabrini.com.br\/index.php?rest_route=\/wp\/v2\/pages\/9","targetHints":{"allow":["GET"]}}],"collection":[{"href":"https:\/\/maquinascabrini.com.br\/index.php?rest_route=\/wp\/v2\/pages"}],"about":[{"href":"https:\/\/maquinascabrini.com.br\/index.php?rest_route=\/wp\/v2\/types\/page"}],"author":[{"embeddable":true,"href":"https:\/\/maquinascabrini.com.br\/index.php?rest_route=\/wp\/v2\/users\/1"}],"replies":[{"embeddable":true,"href":"https:\/\/maquinascabrini.com.br\/index.php?rest_route=%2Fwp%2Fv2%2Fcomments&post=9"}],"version-history":[{"count":79,"href":"https:\/\/maquinascabrini.com.br\/index.php?rest_route=\/wp\/v2\/pages\/9\/revisions"}],"predecessor-version":[{"id":2503,"href":"https:\/\/maquinascabrini.com.br\/index.php?rest_route=\/wp\/v2\/pages\/9\/revisions\/2503"}],"wp:attachment":[{"href":"https:\/\/maquinascabrini.com.br\/index.php?rest_route=%2Fwp%2Fv2%2Fmedia&parent=9"}],"curies":[{"name":"wp","href":"https:\/\/api.w.org\/{rel}","templated":true}]}}