{"id":806,"date":"2024-04-07T12:57:38","date_gmt":"2024-04-07T15:57:38","guid":{"rendered":"http:\/\/maquinascabrini.com.br\/?page_id=806"},"modified":"2024-04-07T13:24:14","modified_gmt":"2024-04-07T16:24:14","slug":"maquina-de-beneficiamento-abacate-01-3","status":"publish","type":"page","link":"https:\/\/maquinascabrini.com.br\/?page_id=806","title":{"rendered":"M\u00c1QUINA DE AB\u00d3BORA"},"content":{"rendered":"\t\t<div data-elementor-type=\"wp-page\" data-elementor-id=\"806\" class=\"elementor elementor-806\" data-elementor-post-type=\"page\">\n\t\t\t\t<div class=\"elementor-element elementor-element-5f4fd62 e-flex e-con-boxed e-con e-parent\" data-id=\"5f4fd62\" data-element_type=\"container\">\n\t\t\t\t\t<div class=\"e-con-inner\">\n\t\t\t\t<div class=\"elementor-element elementor-element-068e53c elementor-widget elementor-widget-heading\" data-id=\"068e53c\" data-element_type=\"widget\" data-widget_type=\"heading.default\">\n\t\t\t\t<div class=\"elementor-widget-container\">\n\t\t\t<h2 class=\"elementor-heading-title elementor-size-default\">M\u00e1quina de Ab\u00f3bora 01<\/h2>\t\t<\/div>\n\t\t\t\t<\/div>\n\t\t\t\t\t<\/div>\n\t\t\t\t<\/div>\n\t\t<div class=\"elementor-element elementor-element-677d442 e-flex e-con-boxed e-con e-parent\" data-id=\"677d442\" data-element_type=\"container\" data-settings=\"{&quot;background_background&quot;:&quot;classic&quot;}\">\n\t\t\t\t\t<div class=\"e-con-inner\">\n\t\t<div class=\"elementor-element elementor-element-6507061 e-con-full e-flex e-con e-child\" data-id=\"6507061\" data-element_type=\"container\">\n\t\t\t\t<div class=\"elementor-element elementor-element-b15df48 elementor-widget elementor-widget-heading\" data-id=\"b15df48\" data-element_type=\"widget\" data-widget_type=\"heading.default\">\n\t\t\t\t<div class=\"elementor-widget-container\">\n\t\t\t<h2 class=\"elementor-heading-title elementor-size-default\">Descri\u00e7\u00e3o<\/h2>\t\t<\/div>\n\t\t\t\t<\/div>\n\t\t\t\t<div class=\"elementor-element elementor-element-27cb277 elementor-widget elementor-widget-text-editor\" data-id=\"27cb277\" data-element_type=\"widget\" data-widget_type=\"text-editor.default\">\n\t\t\t\t<div class=\"elementor-widget-container\">\n\t\t\t\t\t\t\t<ul><li class=\"p1\">Polidor com escovas de pelo 50%<\/li><li class=\"p1\">Com bica de entrada e bica de sa\u00edda<\/li><\/ul>\t\t\t\t\t\t<\/div>\n\t\t\t\t<\/div>\n\t\t\t\t<\/div>\n\t\t<div class=\"elementor-element elementor-element-c47f698 e-con-full e-flex e-con e-child\" data-id=\"c47f698\" data-element_type=\"container\">\n\t\t\t\t<div class=\"elementor-element elementor-element-faa23e2 elementor-widget elementor-widget-image\" data-id=\"faa23e2\" data-element_type=\"widget\" data-widget_type=\"image.default\">\n\t\t\t\t<div class=\"elementor-widget-container\">\n\t\t\t\t\t\t\t\t\t\t\t\t\t<img fetchpriority=\"high\" decoding=\"async\" width=\"350\" height=\"300\" src=\"https:\/\/maquinascabrini.com.br\/wp-content\/uploads\/2024\/04\/11.png\" class=\"attachment-full size-full wp-image-215\" alt=\"\" srcset=\"https:\/\/maquinascabrini.com.br\/wp-content\/uploads\/2024\/04\/11.png 350w, https:\/\/maquinascabrini.com.br\/wp-content\/uploads\/2024\/04\/11-300x257.png 300w\" sizes=\"(max-width: 350px) 100vw, 350px\" \/>\t\t\t\t\t\t\t\t\t\t\t\t\t<\/div>\n\t\t\t\t<\/div>\n\t\t\t\t<\/div>\n\t\t\t\t\t<\/div>\n\t\t\t\t<\/div>\n\t\t<div class=\"elementor-element elementor-element-fda2806 e-flex e-con-boxed e-con e-parent\" data-id=\"fda2806\" data-element_type=\"container\">\n\t\t\t\t\t<div class=\"e-con-inner\">\n\t\t\t\t<div class=\"elementor-element elementor-element-f522d16 elementor-widget elementor-widget-image-gallery\" data-id=\"f522d16\" data-element_type=\"widget\" data-widget_type=\"image-gallery.default\">\n\t\t\t\t<div class=\"elementor-widget-container\">\n\t\t\t\t\t<div class=\"elementor-image-gallery\">\n\t\t\t<div id='gallery-1' class='gallery galleryid-806 gallery-columns-3 gallery-size-full'><figure class='gallery-item'>\n\t\t\t<div class='gallery-icon landscape'>\n\t\t\t\t<a data-elementor-open-lightbox=\"yes\" data-elementor-lightbox-slideshow=\"f522d16\" data-elementor-lightbox-title=\"11\" data-e-action-hash=\"#elementor-action%3Aaction%3Dlightbox%26settings%3DeyJpZCI6MjE1LCJ1cmwiOiJodHRwczpcL1wvbWFxdWluYXNjYWJyaW5pLmNvbS5iclwvd3AtY29udGVudFwvdXBsb2Fkc1wvMjAyNFwvMDRcLzExLnBuZyIsInNsaWRlc2hvdyI6ImY1MjJkMTYifQ%3D%3D\" href='https:\/\/maquinascabrini.com.br\/wp-content\/uploads\/2024\/04\/11.png'><img decoding=\"async\" width=\"350\" height=\"300\" src=\"https:\/\/maquinascabrini.com.br\/wp-content\/uploads\/2024\/04\/11.png\" class=\"attachment-full size-full\" alt=\"\" srcset=\"https:\/\/maquinascabrini.com.br\/wp-content\/uploads\/2024\/04\/11.png 350w, https:\/\/maquinascabrini.com.br\/wp-content\/uploads\/2024\/04\/11-300x257.png 300w\" sizes=\"(max-width: 350px) 100vw, 350px\" \/><\/a>\n\t\t\t<\/div><\/figure><figure class='gallery-item'>\n\t\t\t<div class='gallery-icon landscape'>\n\t\t\t\t<a data-elementor-open-lightbox=\"yes\" data-elementor-lightbox-slideshow=\"f522d16\" data-elementor-lightbox-title=\"10\" data-e-action-hash=\"#elementor-action%3Aaction%3Dlightbox%26settings%3DeyJpZCI6MjE0LCJ1cmwiOiJodHRwczpcL1wvbWFxdWluYXNjYWJyaW5pLmNvbS5iclwvd3AtY29udGVudFwvdXBsb2Fkc1wvMjAyNFwvMDRcLzEwLnBuZyIsInNsaWRlc2hvdyI6ImY1MjJkMTYifQ%3D%3D\" href='https:\/\/maquinascabrini.com.br\/wp-content\/uploads\/2024\/04\/10.png'><img decoding=\"async\" width=\"350\" height=\"300\" src=\"https:\/\/maquinascabrini.com.br\/wp-content\/uploads\/2024\/04\/10.png\" class=\"attachment-full size-full\" alt=\"\" srcset=\"https:\/\/maquinascabrini.com.br\/wp-content\/uploads\/2024\/04\/10.png 350w, https:\/\/maquinascabrini.com.br\/wp-content\/uploads\/2024\/04\/10-300x257.png 300w\" sizes=\"(max-width: 350px) 100vw, 350px\" \/><\/a>\n\t\t\t<\/div><\/figure><figure class='gallery-item'>\n\t\t\t<div class='gallery-icon landscape'>\n\t\t\t\t<a data-elementor-open-lightbox=\"yes\" data-elementor-lightbox-slideshow=\"f522d16\" data-elementor-lightbox-title=\"9\" data-e-action-hash=\"#elementor-action%3Aaction%3Dlightbox%26settings%3DeyJpZCI6MjEzLCJ1cmwiOiJodHRwczpcL1wvbWFxdWluYXNjYWJyaW5pLmNvbS5iclwvd3AtY29udGVudFwvdXBsb2Fkc1wvMjAyNFwvMDRcLzkucG5nIiwic2xpZGVzaG93IjoiZjUyMmQxNiJ9\" href='https:\/\/maquinascabrini.com.br\/wp-content\/uploads\/2024\/04\/9.png'><img loading=\"lazy\" decoding=\"async\" width=\"350\" height=\"300\" src=\"https:\/\/maquinascabrini.com.br\/wp-content\/uploads\/2024\/04\/9.png\" class=\"attachment-full size-full\" alt=\"\" srcset=\"https:\/\/maquinascabrini.com.br\/wp-content\/uploads\/2024\/04\/9.png 350w, https:\/\/maquinascabrini.com.br\/wp-content\/uploads\/2024\/04\/9-300x257.png 300w\" sizes=\"(max-width: 350px) 100vw, 350px\" \/><\/a>\n\t\t\t<\/div><\/figure>\n\t\t<\/div>\n\t\t<\/div>\n\t\t\t\t<\/div>\n\t\t\t\t<\/div>\n\t\t\t\t\t<\/div>\n\t\t\t\t<\/div>\n\t\t\t\t<\/div>\n\t\t","protected":false},"excerpt":{"rendered":"<p>M\u00e1quina de Ab\u00f3bora 01 Descri\u00e7\u00e3o Polidor com escovas de pelo 50% Com bica de entrada e bica de sa\u00edda<\/p>\n","protected":false},"author":1,"featured_media":0,"parent":0,"menu_order":0,"comment_status":"closed","ping_status":"closed","template":"elementor_header_footer","meta":{"footnotes":""},"class_list":["post-806","page","type-page","status-publish","hentry"],"_links":{"self":[{"href":"https:\/\/maquinascabrini.com.br\/index.php?rest_route=\/wp\/v2\/pages\/806","targetHints":{"allow":["GET"]}}],"collection":[{"href":"https:\/\/maquinascabrini.com.br\/index.php?rest_route=\/wp\/v2\/pages"}],"about":[{"href":"https:\/\/maquinascabrini.com.br\/index.php?rest_route=\/wp\/v2\/types\/page"}],"author":[{"embeddable":true,"href":"https:\/\/maquinascabrini.com.br\/index.php?rest_route=\/wp\/v2\/users\/1"}],"replies":[{"embeddable":true,"href":"https:\/\/maquinascabrini.com.br\/index.php?rest_route=%2Fwp%2Fv2%2Fcomments&post=806"}],"version-history":[{"count":5,"href":"https:\/\/maquinascabrini.com.br\/index.php?rest_route=\/wp\/v2\/pages\/806\/revisions"}],"predecessor-version":[{"id":829,"href":"https:\/\/maquinascabrini.com.br\/index.php?rest_route=\/wp\/v2\/pages\/806\/revisions\/829"}],"wp:attachment":[{"href":"https:\/\/maquinascabrini.com.br\/index.php?rest_route=%2Fwp%2Fv2%2Fmedia&parent=806"}],"curies":[{"name":"wp","href":"https:\/\/api.w.org\/{rel}","templated":true}]}}