{"id":1410,"date":"2024-04-07T21:04:34","date_gmt":"2024-04-08T00:04:34","guid":{"rendered":"http:\/\/maquinascabrini.com.br\/?page_id=1410"},"modified":"2024-05-03T14:15:29","modified_gmt":"2024-05-03T17:15:29","slug":"classificador-eletronico","status":"publish","type":"page","link":"https:\/\/maquinascabrini.com.br\/?page_id=1410","title":{"rendered":"CLASSIFICADOR ELETR\u00d4NICO"},"content":{"rendered":"\t\t<div data-elementor-type=\"wp-page\" data-elementor-id=\"1410\" class=\"elementor elementor-1410\" data-elementor-post-type=\"page\">\n\t\t\t\t<div class=\"elementor-element elementor-element-5f4fd62 e-flex e-con-boxed e-con e-parent\" data-id=\"5f4fd62\" data-element_type=\"container\" data-settings=\"{&quot;background_background&quot;:&quot;classic&quot;}\">\n\t\t\t\t\t<div class=\"e-con-inner\">\n\t\t\t\t<div class=\"elementor-element elementor-element-068e53c elementor-widget elementor-widget-heading\" data-id=\"068e53c\" data-element_type=\"widget\" data-widget_type=\"heading.default\">\n\t\t\t\t<div class=\"elementor-widget-container\">\n\t\t\t<h2 class=\"elementor-heading-title elementor-size-default\">CLASSIFICADOR ELETR\u00d4NICO<\/h2>\t\t<\/div>\n\t\t\t\t<\/div>\n\t\t\t\t\t<\/div>\n\t\t\t\t<\/div>\n\t\t<div class=\"elementor-element elementor-element-677d442 e-flex e-con-boxed e-con e-parent\" data-id=\"677d442\" data-element_type=\"container\" data-settings=\"{&quot;background_background&quot;:&quot;classic&quot;}\">\n\t\t\t\t\t<div class=\"e-con-inner\">\n\t\t<div class=\"elementor-element elementor-element-6507061 e-con-full e-flex e-con e-child\" data-id=\"6507061\" data-element_type=\"container\">\n\t\t\t\t<div class=\"elementor-element elementor-element-b15df48 elementor-widget elementor-widget-heading\" data-id=\"b15df48\" data-element_type=\"widget\" data-widget_type=\"heading.default\">\n\t\t\t\t<div class=\"elementor-widget-container\">\n\t\t\t<h2 class=\"elementor-heading-title elementor-size-default\">Descri\u00e7\u00e3o<\/h2>\t\t<\/div>\n\t\t\t\t<\/div>\n\t\t\t\t<div class=\"elementor-element elementor-element-27cb277 elementor-widget elementor-widget-text-editor\" data-id=\"27cb277\" data-element_type=\"widget\" data-widget_type=\"text-editor.default\">\n\t\t\t\t<div class=\"elementor-widget-container\">\n\t\t\t\t\t\t\t<p>O classificador eletr\u00f4nico entrou em nossa linha de produtos no ano de 2010, melhorando a qualidade da classifica\u00e7\u00e3o de frutas e legumes e aumentando a produ\u00e7\u00e3o de nossos clientes. Ele automatiza o processo, classificando os produtos por cor, tamanho e descarte. Sua tecnologia permite tirar, em m\u00e9dia, 3 fotos de cada produto, tornando a classifica\u00e7\u00e3o muito mais precisa e eliminando poss\u00edveis falhas humanas. A Cabrini desenvolve projetos de classificadores eletr\u00f4nicos exclusivos, de acordo com sua demanda!<\/p>\t\t\t\t\t\t<\/div>\n\t\t\t\t<\/div>\n\t\t\t\t<\/div>\n\t\t<div class=\"elementor-element elementor-element-c47f698 e-con-full e-flex e-con e-child\" data-id=\"c47f698\" data-element_type=\"container\">\n\t\t\t\t<div class=\"elementor-element elementor-element-ccfc5d4 elementor-widget elementor-widget-image\" data-id=\"ccfc5d4\" data-element_type=\"widget\" data-widget_type=\"image.default\">\n\t\t\t\t<div class=\"elementor-widget-container\">\n\t\t\t\t\t\t\t\t\t\t<figure class=\"wp-caption\">\n\t\t\t\t\t\t\t\t\t\t<img fetchpriority=\"high\" decoding=\"async\" width=\"350\" height=\"300\" src=\"https:\/\/maquinascabrini.com.br\/wp-content\/uploads\/2024\/04\/Yellow-and-Brown-Modern-Apparel-Logo-350-x-300-px-20.png\" class=\"attachment-full size-full wp-image-1417\" alt=\"\" srcset=\"https:\/\/maquinascabrini.com.br\/wp-content\/uploads\/2024\/04\/Yellow-and-Brown-Modern-Apparel-Logo-350-x-300-px-20.png 350w, https:\/\/maquinascabrini.com.br\/wp-content\/uploads\/2024\/04\/Yellow-and-Brown-Modern-Apparel-Logo-350-x-300-px-20-300x257.png 300w\" sizes=\"(max-width: 350px) 100vw, 350px\" \/>\t\t\t\t\t\t\t\t\t\t\t<figcaption class=\"widget-image-caption wp-caption-text\">Desenho Calibrador Eletr\u00f4nico - M\u00e1quinas Cabrini<\/figcaption>\n\t\t\t\t\t\t\t\t\t\t<\/figure>\n\t\t\t\t\t\t\t<\/div>\n\t\t\t\t<\/div>\n\t\t\t\t<\/div>\n\t\t\t\t\t<\/div>\n\t\t\t\t<\/div>\n\t\t<div class=\"elementor-element elementor-element-fda2806 e-flex e-con-boxed e-con e-parent\" data-id=\"fda2806\" data-element_type=\"container\" data-settings=\"{&quot;background_background&quot;:&quot;classic&quot;}\">\n\t\t\t\t\t<div class=\"e-con-inner\">\n\t\t\t\t<div class=\"elementor-element elementor-element-f522d16 gallery-spacing-custom elementor-widget elementor-widget-image-gallery\" data-id=\"f522d16\" data-element_type=\"widget\" data-widget_type=\"image-gallery.default\">\n\t\t\t\t<div class=\"elementor-widget-container\">\n\t\t\t\t\t<div class=\"elementor-image-gallery\">\n\t\t\t<div id='gallery-1' class='gallery galleryid-1410 gallery-columns-3 gallery-size-full'><figure class='gallery-item'>\n\t\t\t<div class='gallery-icon landscape'>\n\t\t\t\t<a data-elementor-open-lightbox=\"yes\" data-elementor-lightbox-slideshow=\"f522d16\" data-elementor-lightbox-title=\"Desenho Calibrador Eletr\u00f4nico 1\" data-e-action-hash=\"#elementor-action%3Aaction%3Dlightbox%26settings%3DeyJpZCI6MTQxNiwidXJsIjoiaHR0cHM6XC9cL21hcXVpbmFzY2FicmluaS5jb20uYnJcL3dwLWNvbnRlbnRcL3VwbG9hZHNcLzIwMjRcLzA0XC9jbGFzc2lmaWNhZG9yLWVsZXRyb25pY28tNy0xMDAxeDUwMC0xLmpwZyIsInNsaWRlc2hvdyI6ImY1MjJkMTYifQ%3D%3D\" href='https:\/\/maquinascabrini.com.br\/wp-content\/uploads\/2024\/04\/classificador-eletronico-7-1001x500-1.jpg'><img decoding=\"async\" width=\"1001\" height=\"500\" src=\"https:\/\/maquinascabrini.com.br\/wp-content\/uploads\/2024\/04\/classificador-eletronico-7-1001x500-1.jpg\" class=\"attachment-full size-full\" alt=\"\" aria-describedby=\"gallery-1-1416\" srcset=\"https:\/\/maquinascabrini.com.br\/wp-content\/uploads\/2024\/04\/classificador-eletronico-7-1001x500-1.jpg 1001w, https:\/\/maquinascabrini.com.br\/wp-content\/uploads\/2024\/04\/classificador-eletronico-7-1001x500-1-300x150.jpg 300w, https:\/\/maquinascabrini.com.br\/wp-content\/uploads\/2024\/04\/classificador-eletronico-7-1001x500-1-768x384.jpg 768w\" sizes=\"(max-width: 1001px) 100vw, 1001px\" \/><\/a>\n\t\t\t<\/div>\n\t\t\t\t<figcaption class='wp-caption-text gallery-caption' id='gallery-1-1416'>\n\t\t\t\tDesenho Calibrador Eletr\u00f4nico 1\n\t\t\t\t<\/figcaption><\/figure><figure class='gallery-item'>\n\t\t\t<div class='gallery-icon landscape'>\n\t\t\t\t<a data-elementor-open-lightbox=\"yes\" data-elementor-lightbox-slideshow=\"f522d16\" data-elementor-lightbox-title=\"Desenho Calibrador Eletr\u00f4nico 2\" data-e-action-hash=\"#elementor-action%3Aaction%3Dlightbox%26settings%3DeyJpZCI6MTQxMywidXJsIjoiaHR0cHM6XC9cL21hcXVpbmFzY2FicmluaS5jb20uYnJcL3dwLWNvbnRlbnRcL3VwbG9hZHNcLzIwMjRcLzA0XC9jbGFzc2lmaWNhZG9yLWVsZXRyb25pY28tNS03Njh4NTM4LTEuanBnIiwic2xpZGVzaG93IjoiZjUyMmQxNiJ9\" href='https:\/\/maquinascabrini.com.br\/wp-content\/uploads\/2024\/04\/classificador-eletronico-5-768x538-1.jpg'><img decoding=\"async\" width=\"768\" height=\"538\" src=\"https:\/\/maquinascabrini.com.br\/wp-content\/uploads\/2024\/04\/classificador-eletronico-5-768x538-1.jpg\" class=\"attachment-full size-full\" alt=\"\" aria-describedby=\"gallery-1-1413\" srcset=\"https:\/\/maquinascabrini.com.br\/wp-content\/uploads\/2024\/04\/classificador-eletronico-5-768x538-1.jpg 768w, https:\/\/maquinascabrini.com.br\/wp-content\/uploads\/2024\/04\/classificador-eletronico-5-768x538-1-300x210.jpg 300w\" sizes=\"(max-width: 768px) 100vw, 768px\" \/><\/a>\n\t\t\t<\/div>\n\t\t\t\t<figcaption class='wp-caption-text gallery-caption' id='gallery-1-1413'>\n\t\t\t\tDesenho Calibrador Eletr\u00f4nico 2\n\t\t\t\t<\/figcaption><\/figure><figure class='gallery-item'>\n\t\t\t<div class='gallery-icon landscape'>\n\t\t\t\t<a data-elementor-open-lightbox=\"yes\" data-elementor-lightbox-slideshow=\"f522d16\" data-elementor-lightbox-title=\"Desenho Calibrador Eletr\u00f4nico 3\" data-e-action-hash=\"#elementor-action%3Aaction%3Dlightbox%26settings%3DeyJpZCI6MTQxNSwidXJsIjoiaHR0cHM6XC9cL21hcXVpbmFzY2FicmluaS5jb20uYnJcL3dwLWNvbnRlbnRcL3VwbG9hZHNcLzIwMjRcLzA0XC9jbGFzc2lmaWNhZG9yLWVsZXRyb25pY28tNi03Njh4NTM4LTEuanBnIiwic2xpZGVzaG93IjoiZjUyMmQxNiJ9\" href='https:\/\/maquinascabrini.com.br\/wp-content\/uploads\/2024\/04\/classificador-eletronico-6-768x538-1.jpg'><img loading=\"lazy\" decoding=\"async\" width=\"768\" height=\"538\" src=\"https:\/\/maquinascabrini.com.br\/wp-content\/uploads\/2024\/04\/classificador-eletronico-6-768x538-1.jpg\" class=\"attachment-full size-full\" alt=\"\" aria-describedby=\"gallery-1-1415\" srcset=\"https:\/\/maquinascabrini.com.br\/wp-content\/uploads\/2024\/04\/classificador-eletronico-6-768x538-1.jpg 768w, https:\/\/maquinascabrini.com.br\/wp-content\/uploads\/2024\/04\/classificador-eletronico-6-768x538-1-300x210.jpg 300w\" sizes=\"(max-width: 768px) 100vw, 768px\" \/><\/a>\n\t\t\t<\/div>\n\t\t\t\t<figcaption class='wp-caption-text gallery-caption' id='gallery-1-1415'>\n\t\t\t\tDesenho Calibrador Eletr\u00f4nico 3\n\t\t\t\t<\/figcaption><\/figure>\n\t\t<\/div>\n\t\t<\/div>\n\t\t\t\t<\/div>\n\t\t\t\t<\/div>\n\t\t\t\t\t<\/div>\n\t\t\t\t<\/div>\n\t\t<div class=\"elementor-element elementor-element-60b22d6 e-flex e-con-boxed e-con e-parent\" data-id=\"60b22d6\" data-element_type=\"container\" data-settings=\"{&quot;background_background&quot;:&quot;classic&quot;}\">\n\t\t\t\t\t<div class=\"e-con-inner\">\n\t\t\t\t<div class=\"elementor-element elementor-element-9c22d8e elementor-widget elementor-widget-text-editor\" data-id=\"9c22d8e\" data-element_type=\"widget\" data-widget_type=\"text-editor.default\">\n\t\t\t\t<div class=\"elementor-widget-container\">\n\t\t\t\t\t\t\t<ul><li>Maior precis\u00e3o na classifica\u00e7\u00e3o<\/li><li>Menor perda na separa\u00e7\u00e3o<\/li><li>Produtos diferenciados na embalagem<\/li><li>Sistema totalmente automatizado<\/li><\/ul>\t\t\t\t\t\t<\/div>\n\t\t\t\t<\/div>\n\t\t\t\t<div class=\"elementor-element elementor-element-ce5d13b elementor-widget elementor-widget-image\" data-id=\"ce5d13b\" data-element_type=\"widget\" data-widget_type=\"image.default\">\n\t\t\t\t<div class=\"elementor-widget-container\">\n\t\t\t\t\t\t\t\t\t\t<figure class=\"wp-caption\">\n\t\t\t\t\t\t\t\t\t\t<img loading=\"lazy\" decoding=\"async\" width=\"911\" height=\"759\" src=\"https:\/\/maquinascabrini.com.br\/wp-content\/uploads\/2024\/04\/Captura-de-tela-2024-04-21-200532.png\" class=\"attachment-full size-full wp-image-1854\" alt=\"\" srcset=\"https:\/\/maquinascabrini.com.br\/wp-content\/uploads\/2024\/04\/Captura-de-tela-2024-04-21-200532.png 911w, https:\/\/maquinascabrini.com.br\/wp-content\/uploads\/2024\/04\/Captura-de-tela-2024-04-21-200532-300x250.png 300w, https:\/\/maquinascabrini.com.br\/wp-content\/uploads\/2024\/04\/Captura-de-tela-2024-04-21-200532-768x640.png 768w\" sizes=\"(max-width: 911px) 100vw, 911px\" \/>\t\t\t\t\t\t\t\t\t\t\t<figcaption class=\"widget-image-caption wp-caption-text\">Desenho Calibrador Eletr\u00f4nico - M\u00e1quinas Cabrini<\/figcaption>\n\t\t\t\t\t\t\t\t\t\t<\/figure>\n\t\t\t\t\t\t\t<\/div>\n\t\t\t\t<\/div>\n\t\t\t\t\t<\/div>\n\t\t\t\t<\/div>\n\t\t\t\t<\/div>\n\t\t","protected":false},"excerpt":{"rendered":"<p>CLASSIFICADOR ELETR\u00d4NICO Descri\u00e7\u00e3o O classificador eletr\u00f4nico entrou em nossa linha de produtos no ano de 2010, melhorando a qualidade da classifica\u00e7\u00e3o de frutas e legumes e aumentando a produ\u00e7\u00e3o de nossos clientes. Ele automatiza o processo, classificando os produtos por cor, tamanho e descarte. Sua tecnologia permite tirar, em m\u00e9dia, 3 fotos de cada produto, [&hellip;]<\/p>\n","protected":false},"author":1,"featured_media":0,"parent":0,"menu_order":0,"comment_status":"closed","ping_status":"closed","template":"elementor_header_footer","meta":{"footnotes":""},"class_list":["post-1410","page","type-page","status-publish","hentry"],"_links":{"self":[{"href":"https:\/\/maquinascabrini.com.br\/index.php?rest_route=\/wp\/v2\/pages\/1410","targetHints":{"allow":["GET"]}}],"collection":[{"href":"https:\/\/maquinascabrini.com.br\/index.php?rest_route=\/wp\/v2\/pages"}],"about":[{"href":"https:\/\/maquinascabrini.com.br\/index.php?rest_route=\/wp\/v2\/types\/page"}],"author":[{"embeddable":true,"href":"https:\/\/maquinascabrini.com.br\/index.php?rest_route=\/wp\/v2\/users\/1"}],"replies":[{"embeddable":true,"href":"https:\/\/maquinascabrini.com.br\/index.php?rest_route=%2Fwp%2Fv2%2Fcomments&post=1410"}],"version-history":[{"count":26,"href":"https:\/\/maquinascabrini.com.br\/index.php?rest_route=\/wp\/v2\/pages\/1410\/revisions"}],"predecessor-version":[{"id":2320,"href":"https:\/\/maquinascabrini.com.br\/index.php?rest_route=\/wp\/v2\/pages\/1410\/revisions\/2320"}],"wp:attachment":[{"href":"https:\/\/maquinascabrini.com.br\/index.php?rest_route=%2Fwp%2Fv2%2Fmedia&parent=1410"}],"curies":[{"name":"wp","href":"https:\/\/api.w.org\/{rel}","templated":true}]}}