{"id":1372,"date":"2024-04-07T20:11:07","date_gmt":"2024-04-07T23:11:07","guid":{"rendered":"http:\/\/maquinascabrini.com.br\/?page_id=1372"},"modified":"2024-04-07T20:38:41","modified_gmt":"2024-04-07T23:38:41","slug":"maquina-de-beneficiamento-abacate-01-3-4-3-2-2-2-2-2-2-2-2-2-2-2-2-2-2-2","status":"publish","type":"page","link":"https:\/\/maquinascabrini.com.br\/?page_id=1372","title":{"rendered":"M\u00c1QUINA DE TOMATE SWEET GRAPE"},"content":{"rendered":"\t\t<div data-elementor-type=\"wp-page\" data-elementor-id=\"1372\" class=\"elementor elementor-1372\" data-elementor-post-type=\"page\">\n\t\t\t\t<div class=\"elementor-element elementor-element-5f4fd62 e-flex e-con-boxed e-con e-parent\" data-id=\"5f4fd62\" data-element_type=\"container\">\n\t\t\t\t\t<div class=\"e-con-inner\">\n\t\t\t\t<div class=\"elementor-element elementor-element-068e53c elementor-widget elementor-widget-heading\" data-id=\"068e53c\" data-element_type=\"widget\" data-widget_type=\"heading.default\">\n\t\t\t\t<div class=\"elementor-widget-container\">\n\t\t\t<h2 class=\"elementor-heading-title elementor-size-default\">M\u00e1quina de Tomate Sweet Grape<\/h2>\t\t<\/div>\n\t\t\t\t<\/div>\n\t\t\t\t\t<\/div>\n\t\t\t\t<\/div>\n\t\t<div class=\"elementor-element elementor-element-677d442 e-flex e-con-boxed e-con e-parent\" data-id=\"677d442\" data-element_type=\"container\" data-settings=\"{&quot;background_background&quot;:&quot;classic&quot;}\">\n\t\t\t\t\t<div class=\"e-con-inner\">\n\t\t<div class=\"elementor-element elementor-element-6507061 e-con-full e-flex e-con e-child\" data-id=\"6507061\" data-element_type=\"container\">\n\t\t\t\t<div class=\"elementor-element elementor-element-b15df48 elementor-widget elementor-widget-heading\" data-id=\"b15df48\" data-element_type=\"widget\" data-widget_type=\"heading.default\">\n\t\t\t\t<div class=\"elementor-widget-container\">\n\t\t\t<h2 class=\"elementor-heading-title elementor-size-default\">Descri\u00e7\u00e3o<\/h2>\t\t<\/div>\n\t\t\t\t<\/div>\n\t\t\t\t<div class=\"elementor-element elementor-element-27cb277 elementor-widget elementor-widget-text-editor\" data-id=\"27cb277\" data-element_type=\"widget\" data-widget_type=\"text-editor.default\">\n\t\t\t\t<div class=\"elementor-widget-container\">\n\t\t\t\t\t\t\t<ul><li class=\"p1\">Entrada de roletes em pvc<\/li><li class=\"p1\">Lavador com escovas de nylon<\/li><li class=\"p1\">Pr\u00e9 secador com roletes de espumas<\/li><li class=\"p1\">Ventilador de fibra com h\u00e9lice pl\u00e1stica<\/li><li class=\"p1\">Polidor com escovas de pelo 100%<\/li><li class=\"p1\">Classificador de roletes transversais<\/li><li class=\"p1\">Banquinho de apoio para caixa<\/li><\/ul>\t\t\t\t\t\t<\/div>\n\t\t\t\t<\/div>\n\t\t\t\t<\/div>\n\t\t<div class=\"elementor-element elementor-element-c47f698 e-con-full e-flex e-con e-child\" data-id=\"c47f698\" data-element_type=\"container\">\n\t\t\t\t<div class=\"elementor-element elementor-element-faa23e2 elementor-widget elementor-widget-image\" data-id=\"faa23e2\" data-element_type=\"widget\" data-widget_type=\"image.default\">\n\t\t\t\t<div class=\"elementor-widget-container\">\n\t\t\t\t\t\t\t\t\t\t\t\t\t<img fetchpriority=\"high\" decoding=\"async\" width=\"350\" height=\"300\" src=\"https:\/\/maquinascabrini.com.br\/wp-content\/uploads\/2024\/04\/Yellow-and-Brown-Modern-Apparel-Logo-350-x-300-px-19.png\" class=\"attachment-full size-full wp-image-1378\" alt=\"\" srcset=\"https:\/\/maquinascabrini.com.br\/wp-content\/uploads\/2024\/04\/Yellow-and-Brown-Modern-Apparel-Logo-350-x-300-px-19.png 350w, https:\/\/maquinascabrini.com.br\/wp-content\/uploads\/2024\/04\/Yellow-and-Brown-Modern-Apparel-Logo-350-x-300-px-19-300x257.png 300w\" sizes=\"(max-width: 350px) 100vw, 350px\" \/>\t\t\t\t\t\t\t\t\t\t\t\t\t<\/div>\n\t\t\t\t<\/div>\n\t\t\t\t<\/div>\n\t\t\t\t\t<\/div>\n\t\t\t\t<\/div>\n\t\t<div class=\"elementor-element elementor-element-fda2806 e-flex e-con-boxed e-con e-parent\" data-id=\"fda2806\" data-element_type=\"container\">\n\t\t\t\t\t<div class=\"e-con-inner\">\n\t\t\t\t<div class=\"elementor-element elementor-element-f522d16 gallery-spacing-custom elementor-widget elementor-widget-image-gallery\" data-id=\"f522d16\" data-element_type=\"widget\" data-widget_type=\"image-gallery.default\">\n\t\t\t\t<div class=\"elementor-widget-container\">\n\t\t\t\t\t<div class=\"elementor-image-gallery\">\n\t\t\t<div id='gallery-1' class='gallery galleryid-1372 gallery-columns-3 gallery-size-full'><figure class='gallery-item'>\n\t\t\t<div class='gallery-icon landscape'>\n\t\t\t\t<a data-elementor-open-lightbox=\"yes\" data-elementor-lightbox-slideshow=\"f522d16\" data-elementor-lightbox-title=\"sweet_01\" data-e-action-hash=\"#elementor-action%3Aaction%3Dlightbox%26settings%3DeyJpZCI6MTM3NSwidXJsIjoiaHR0cHM6XC9cL21hcXVpbmFzY2FicmluaS5jb20uYnJcL3dwLWNvbnRlbnRcL3VwbG9hZHNcLzIwMjRcLzA0XC9zd2VldF8wMS5qcGciLCJzbGlkZXNob3ciOiJmNTIyZDE2In0%3D\" href='https:\/\/maquinascabrini.com.br\/wp-content\/uploads\/2024\/04\/sweet_01.jpg'><img decoding=\"async\" width=\"1000\" height=\"750\" src=\"https:\/\/maquinascabrini.com.br\/wp-content\/uploads\/2024\/04\/sweet_01.jpg\" class=\"attachment-full size-full\" alt=\"\" srcset=\"https:\/\/maquinascabrini.com.br\/wp-content\/uploads\/2024\/04\/sweet_01.jpg 1000w, https:\/\/maquinascabrini.com.br\/wp-content\/uploads\/2024\/04\/sweet_01-300x225.jpg 300w, https:\/\/maquinascabrini.com.br\/wp-content\/uploads\/2024\/04\/sweet_01-768x576.jpg 768w\" sizes=\"(max-width: 1000px) 100vw, 1000px\" \/><\/a>\n\t\t\t<\/div><\/figure><figure class='gallery-item'>\n\t\t\t<div class='gallery-icon landscape'>\n\t\t\t\t<a data-elementor-open-lightbox=\"yes\" data-elementor-lightbox-slideshow=\"f522d16\" data-elementor-lightbox-title=\"sweet_02\" data-e-action-hash=\"#elementor-action%3Aaction%3Dlightbox%26settings%3DeyJpZCI6MTM3NiwidXJsIjoiaHR0cHM6XC9cL21hcXVpbmFzY2FicmluaS5jb20uYnJcL3dwLWNvbnRlbnRcL3VwbG9hZHNcLzIwMjRcLzA0XC9zd2VldF8wMi5qcGciLCJzbGlkZXNob3ciOiJmNTIyZDE2In0%3D\" href='https:\/\/maquinascabrini.com.br\/wp-content\/uploads\/2024\/04\/sweet_02.jpg'><img decoding=\"async\" width=\"1000\" height=\"750\" src=\"https:\/\/maquinascabrini.com.br\/wp-content\/uploads\/2024\/04\/sweet_02.jpg\" class=\"attachment-full size-full\" alt=\"\" srcset=\"https:\/\/maquinascabrini.com.br\/wp-content\/uploads\/2024\/04\/sweet_02.jpg 1000w, https:\/\/maquinascabrini.com.br\/wp-content\/uploads\/2024\/04\/sweet_02-300x225.jpg 300w, https:\/\/maquinascabrini.com.br\/wp-content\/uploads\/2024\/04\/sweet_02-768x576.jpg 768w\" sizes=\"(max-width: 1000px) 100vw, 1000px\" \/><\/a>\n\t\t\t<\/div><\/figure><figure class='gallery-item'>\n\t\t\t<div class='gallery-icon landscape'>\n\t\t\t\t<a data-elementor-open-lightbox=\"yes\" data-elementor-lightbox-slideshow=\"f522d16\" data-elementor-lightbox-title=\"sweet_03\" data-e-action-hash=\"#elementor-action%3Aaction%3Dlightbox%26settings%3DeyJpZCI6MTM3NywidXJsIjoiaHR0cHM6XC9cL21hcXVpbmFzY2FicmluaS5jb20uYnJcL3dwLWNvbnRlbnRcL3VwbG9hZHNcLzIwMjRcLzA0XC9zd2VldF8wMy5qcGciLCJzbGlkZXNob3ciOiJmNTIyZDE2In0%3D\" href='https:\/\/maquinascabrini.com.br\/wp-content\/uploads\/2024\/04\/sweet_03.jpg'><img loading=\"lazy\" decoding=\"async\" width=\"1000\" height=\"750\" src=\"https:\/\/maquinascabrini.com.br\/wp-content\/uploads\/2024\/04\/sweet_03.jpg\" class=\"attachment-full size-full\" alt=\"\" srcset=\"https:\/\/maquinascabrini.com.br\/wp-content\/uploads\/2024\/04\/sweet_03.jpg 1000w, https:\/\/maquinascabrini.com.br\/wp-content\/uploads\/2024\/04\/sweet_03-300x225.jpg 300w, https:\/\/maquinascabrini.com.br\/wp-content\/uploads\/2024\/04\/sweet_03-768x576.jpg 768w\" sizes=\"(max-width: 1000px) 100vw, 1000px\" \/><\/a>\n\t\t\t<\/div><\/figure>\n\t\t<\/div>\n\t\t<\/div>\n\t\t\t\t<\/div>\n\t\t\t\t<\/div>\n\t\t\t\t\t<\/div>\n\t\t\t\t<\/div>\n\t\t\t\t<\/div>\n\t\t","protected":false},"excerpt":{"rendered":"<p>M\u00e1quina de Tomate Sweet Grape Descri\u00e7\u00e3o Entrada de roletes em pvc Lavador com escovas de nylon Pr\u00e9 secador com roletes de espumas Ventilador de fibra com h\u00e9lice pl\u00e1stica Polidor com escovas de pelo 100% Classificador de roletes transversais Banquinho de apoio para caixa<\/p>\n","protected":false},"author":1,"featured_media":0,"parent":0,"menu_order":0,"comment_status":"closed","ping_status":"closed","template":"elementor_header_footer","meta":{"footnotes":""},"class_list":["post-1372","page","type-page","status-publish","hentry"],"_links":{"self":[{"href":"https:\/\/maquinascabrini.com.br\/index.php?rest_route=\/wp\/v2\/pages\/1372","targetHints":{"allow":["GET"]}}],"collection":[{"href":"https:\/\/maquinascabrini.com.br\/index.php?rest_route=\/wp\/v2\/pages"}],"about":[{"href":"https:\/\/maquinascabrini.com.br\/index.php?rest_route=\/wp\/v2\/types\/page"}],"author":[{"embeddable":true,"href":"https:\/\/maquinascabrini.com.br\/index.php?rest_route=\/wp\/v2\/users\/1"}],"replies":[{"embeddable":true,"href":"https:\/\/maquinascabrini.com.br\/index.php?rest_route=%2Fwp%2Fv2%2Fcomments&post=1372"}],"version-history":[{"count":4,"href":"https:\/\/maquinascabrini.com.br\/index.php?rest_route=\/wp\/v2\/pages\/1372\/revisions"}],"predecessor-version":[{"id":1381,"href":"https:\/\/maquinascabrini.com.br\/index.php?rest_route=\/wp\/v2\/pages\/1372\/revisions\/1381"}],"wp:attachment":[{"href":"https:\/\/maquinascabrini.com.br\/index.php?rest_route=%2Fwp%2Fv2%2Fmedia&parent=1372"}],"curies":[{"name":"wp","href":"https:\/\/api.w.org\/{rel}","templated":true}]}}