{"id":1239,"date":"2024-04-07T19:05:44","date_gmt":"2024-04-07T22:05:44","guid":{"rendered":"http:\/\/maquinascabrini.com.br\/?page_id=1239"},"modified":"2024-04-07T19:15:06","modified_gmt":"2024-04-07T22:15:06","slug":"maquina-de-beneficiamento-abacate-01-3-4-3-2-2-2-2-2-2-2-2","status":"publish","type":"page","link":"https:\/\/maquinascabrini.com.br\/?page_id=1239","title":{"rendered":"M\u00c1QUINA DE LIM\u00c3O"},"content":{"rendered":"\t\t<div data-elementor-type=\"wp-page\" data-elementor-id=\"1239\" class=\"elementor elementor-1239\" data-elementor-post-type=\"page\">\n\t\t\t\t<div class=\"elementor-element elementor-element-5f4fd62 e-flex e-con-boxed e-con e-parent\" data-id=\"5f4fd62\" data-element_type=\"container\">\n\t\t\t\t\t<div class=\"e-con-inner\">\n\t\t\t\t<div class=\"elementor-element elementor-element-068e53c elementor-widget elementor-widget-heading\" data-id=\"068e53c\" data-element_type=\"widget\" data-widget_type=\"heading.default\">\n\t\t\t\t<div class=\"elementor-widget-container\">\n\t\t\t<h2 class=\"elementor-heading-title elementor-size-default\">M\u00e1quina de Lim\u00e3o<\/h2>\t\t<\/div>\n\t\t\t\t<\/div>\n\t\t\t\t\t<\/div>\n\t\t\t\t<\/div>\n\t\t<div class=\"elementor-element elementor-element-677d442 e-flex e-con-boxed e-con e-parent\" data-id=\"677d442\" data-element_type=\"container\" data-settings=\"{&quot;background_background&quot;:&quot;classic&quot;}\">\n\t\t\t\t\t<div class=\"e-con-inner\">\n\t\t<div class=\"elementor-element elementor-element-6507061 e-con-full e-flex e-con e-child\" data-id=\"6507061\" data-element_type=\"container\">\n\t\t\t\t<div class=\"elementor-element elementor-element-b15df48 elementor-widget elementor-widget-heading\" data-id=\"b15df48\" data-element_type=\"widget\" data-widget_type=\"heading.default\">\n\t\t\t\t<div class=\"elementor-widget-container\">\n\t\t\t<h2 class=\"elementor-heading-title elementor-size-default\">Descri\u00e7\u00e3o<\/h2>\t\t<\/div>\n\t\t\t\t<\/div>\n\t\t\t\t<div class=\"elementor-element elementor-element-27cb277 elementor-widget elementor-widget-text-editor\" data-id=\"27cb277\" data-element_type=\"widget\" data-widget_type=\"text-editor.default\">\n\t\t\t\t<div class=\"elementor-widget-container\">\n\t\t\t\t\t\t\t<ul><li class=\"p1\">Tombador autom\u00e1tico para caixas<\/li><li class=\"p1\">Desinfetador de caixas tracionado por corrente<\/li><li class=\"p1\">Tanque de imers\u00e3o em fibra ou a\u00e7o inox<\/li><li class=\"p1\">Entrada de roletes em pvc<\/li><li class=\"p1\">Lavador com escovas de nylon<\/li><li class=\"p1\">Pr\u00e9 secador com roletes de espumas<\/li><li class=\"p1\">Ventilador de fibra com h\u00e9lice pl\u00e1stica<\/li><li class=\"p1\">Secador de rolete em pvc<br \/>Classificador de roletes transversais (pre classifica\u00e7\u00e3o)<\/li><li class=\"p1\">Lonas transportadoras para distribui\u00e7\u00e3o do lim\u00e3o<\/li><li class=\"p1\">Escolha de rolete em pvc<br \/>Tanque de a\u00e7o inox (aplica\u00e7\u00e3o do \u00e1cido giber\u00e9lico)<\/li><li class=\"p1\">Banca de roletes em pvc<br \/>Polidor com escovas de pelo 100%<\/li><li class=\"p1\">Aplicador de cera com escova de pelo 100%<br \/>Aplicador de cera por nebuliza\u00e7\u00e3o, com sistema de bombeamento<\/li><li class=\"p1\">T\u00fanel secador com roletes zincados<\/li><li class=\"p1\">Produtor de ar quente com queimador a g\u00e1s ou \u00f3leo diesel<\/li><li class=\"p1\">Classificador de roletes lineares<\/li><li class=\"p1\">Banc\u00e3o final<br \/>Banquinho de apoio para caixa<\/li><li class=\"p1\">Monovia a\u00e9rea (telef\u00e9rico)<\/li><li class=\"p1\">Lonas transportadoras com fim de curso para caixa de lim\u00e3o<\/li><\/ul>\t\t\t\t\t\t<\/div>\n\t\t\t\t<\/div>\n\t\t\t\t<\/div>\n\t\t<div class=\"elementor-element elementor-element-c47f698 e-con-full e-flex e-con e-child\" data-id=\"c47f698\" data-element_type=\"container\">\n\t\t\t\t<div class=\"elementor-element elementor-element-faa23e2 elementor-widget elementor-widget-image\" data-id=\"faa23e2\" data-element_type=\"widget\" data-widget_type=\"image.default\">\n\t\t\t\t<div class=\"elementor-widget-container\">\n\t\t\t\t\t\t\t\t\t\t\t\t\t<img fetchpriority=\"high\" decoding=\"async\" width=\"1140\" height=\"500\" src=\"https:\/\/maquinascabrini.com.br\/wp-content\/uploads\/2024\/04\/banner-5-imagem-1140x500-1.png\" class=\"attachment-full size-full wp-image-1242\" alt=\"\" srcset=\"https:\/\/maquinascabrini.com.br\/wp-content\/uploads\/2024\/04\/banner-5-imagem-1140x500-1.png 1140w, https:\/\/maquinascabrini.com.br\/wp-content\/uploads\/2024\/04\/banner-5-imagem-1140x500-1-300x132.png 300w, https:\/\/maquinascabrini.com.br\/wp-content\/uploads\/2024\/04\/banner-5-imagem-1140x500-1-1024x449.png 1024w, https:\/\/maquinascabrini.com.br\/wp-content\/uploads\/2024\/04\/banner-5-imagem-1140x500-1-768x337.png 768w\" sizes=\"(max-width: 1140px) 100vw, 1140px\" \/>\t\t\t\t\t\t\t\t\t\t\t\t\t<\/div>\n\t\t\t\t<\/div>\n\t\t\t\t<\/div>\n\t\t\t\t\t<\/div>\n\t\t\t\t<\/div>\n\t\t<div class=\"elementor-element elementor-element-fda2806 e-flex e-con-boxed e-con e-parent\" data-id=\"fda2806\" data-element_type=\"container\">\n\t\t\t\t\t<div class=\"e-con-inner\">\n\t\t\t\t<div class=\"elementor-element elementor-element-f522d16 gallery-spacing-custom elementor-widget elementor-widget-image-gallery\" data-id=\"f522d16\" data-element_type=\"widget\" data-widget_type=\"image-gallery.default\">\n\t\t\t\t<div class=\"elementor-widget-container\">\n\t\t\t\t\t<div class=\"elementor-image-gallery\">\n\t\t\t<div id='gallery-1' class='gallery galleryid-1239 gallery-columns-3 gallery-size-full'><figure class='gallery-item'>\n\t\t\t<div class='gallery-icon landscape'>\n\t\t\t\t<a data-elementor-open-lightbox=\"yes\" data-elementor-lightbox-slideshow=\"f522d16\" data-elementor-lightbox-title=\"xr:d:DAGBgaV7Yr4:76,j:6968618686133738476,t:24040722\" data-e-action-hash=\"#elementor-action%3Aaction%3Dlightbox%26settings%3DeyJpZCI6MTI0NCwidXJsIjoiaHR0cHM6XC9cL21hcXVpbmFzY2FicmluaS5jb20uYnJcL3dwLWNvbnRlbnRcL3VwbG9hZHNcLzIwMjRcLzA0XC8xNDUuanBnIiwic2xpZGVzaG93IjoiZjUyMmQxNiJ9\" href='https:\/\/maquinascabrini.com.br\/wp-content\/uploads\/2024\/04\/145.jpg'><img decoding=\"async\" width=\"350\" height=\"300\" src=\"https:\/\/maquinascabrini.com.br\/wp-content\/uploads\/2024\/04\/145.jpg\" class=\"attachment-full size-full\" alt=\"\" srcset=\"https:\/\/maquinascabrini.com.br\/wp-content\/uploads\/2024\/04\/145.jpg 350w, https:\/\/maquinascabrini.com.br\/wp-content\/uploads\/2024\/04\/145-300x257.jpg 300w\" sizes=\"(max-width: 350px) 100vw, 350px\" \/><\/a>\n\t\t\t<\/div><\/figure><figure class='gallery-item'>\n\t\t\t<div class='gallery-icon landscape'>\n\t\t\t\t<a data-elementor-open-lightbox=\"yes\" data-elementor-lightbox-slideshow=\"f522d16\" data-elementor-lightbox-title=\"xr:d:DAGBgaV7Yr4:76,j:6968618686133738476,t:24040722\" data-e-action-hash=\"#elementor-action%3Aaction%3Dlightbox%26settings%3DeyJpZCI6MTI0NSwidXJsIjoiaHR0cHM6XC9cL21hcXVpbmFzY2FicmluaS5jb20uYnJcL3dwLWNvbnRlbnRcL3VwbG9hZHNcLzIwMjRcLzA0XC8xNDYuanBnIiwic2xpZGVzaG93IjoiZjUyMmQxNiJ9\" href='https:\/\/maquinascabrini.com.br\/wp-content\/uploads\/2024\/04\/146.jpg'><img decoding=\"async\" width=\"350\" height=\"300\" src=\"https:\/\/maquinascabrini.com.br\/wp-content\/uploads\/2024\/04\/146.jpg\" class=\"attachment-full size-full\" alt=\"\" srcset=\"https:\/\/maquinascabrini.com.br\/wp-content\/uploads\/2024\/04\/146.jpg 350w, https:\/\/maquinascabrini.com.br\/wp-content\/uploads\/2024\/04\/146-300x257.jpg 300w\" sizes=\"(max-width: 350px) 100vw, 350px\" \/><\/a>\n\t\t\t<\/div><\/figure><figure class='gallery-item'>\n\t\t\t<div class='gallery-icon landscape'>\n\t\t\t\t<a data-elementor-open-lightbox=\"yes\" data-elementor-lightbox-slideshow=\"f522d16\" data-elementor-lightbox-title=\"xr:d:DAGBgaV7Yr4:76,j:6968618686133738476,t:24040722\" data-e-action-hash=\"#elementor-action%3Aaction%3Dlightbox%26settings%3DeyJpZCI6MTI0NiwidXJsIjoiaHR0cHM6XC9cL21hcXVpbmFzY2FicmluaS5jb20uYnJcL3dwLWNvbnRlbnRcL3VwbG9hZHNcLzIwMjRcLzA0XC8xNDcuanBnIiwic2xpZGVzaG93IjoiZjUyMmQxNiJ9\" href='https:\/\/maquinascabrini.com.br\/wp-content\/uploads\/2024\/04\/147.jpg'><img loading=\"lazy\" decoding=\"async\" width=\"350\" height=\"300\" src=\"https:\/\/maquinascabrini.com.br\/wp-content\/uploads\/2024\/04\/147.jpg\" class=\"attachment-full size-full\" alt=\"\" srcset=\"https:\/\/maquinascabrini.com.br\/wp-content\/uploads\/2024\/04\/147.jpg 350w, https:\/\/maquinascabrini.com.br\/wp-content\/uploads\/2024\/04\/147-300x257.jpg 300w\" sizes=\"(max-width: 350px) 100vw, 350px\" \/><\/a>\n\t\t\t<\/div><\/figure><figure class='gallery-item'>\n\t\t\t<div class='gallery-icon landscape'>\n\t\t\t\t<a data-elementor-open-lightbox=\"yes\" data-elementor-lightbox-slideshow=\"f522d16\" data-elementor-lightbox-title=\"xr:d:DAGBgaV7Yr4:76,j:6968618686133738476,t:24040722\" data-e-action-hash=\"#elementor-action%3Aaction%3Dlightbox%26settings%3DeyJpZCI6MTI0NywidXJsIjoiaHR0cHM6XC9cL21hcXVpbmFzY2FicmluaS5jb20uYnJcL3dwLWNvbnRlbnRcL3VwbG9hZHNcLzIwMjRcLzA0XC8xNDguanBnIiwic2xpZGVzaG93IjoiZjUyMmQxNiJ9\" href='https:\/\/maquinascabrini.com.br\/wp-content\/uploads\/2024\/04\/148.jpg'><img loading=\"lazy\" decoding=\"async\" width=\"350\" height=\"300\" src=\"https:\/\/maquinascabrini.com.br\/wp-content\/uploads\/2024\/04\/148.jpg\" class=\"attachment-full size-full\" alt=\"\" srcset=\"https:\/\/maquinascabrini.com.br\/wp-content\/uploads\/2024\/04\/148.jpg 350w, https:\/\/maquinascabrini.com.br\/wp-content\/uploads\/2024\/04\/148-300x257.jpg 300w\" sizes=\"(max-width: 350px) 100vw, 350px\" \/><\/a>\n\t\t\t<\/div><\/figure><figure class='gallery-item'>\n\t\t\t<div class='gallery-icon landscape'>\n\t\t\t\t<a data-elementor-open-lightbox=\"yes\" data-elementor-lightbox-slideshow=\"f522d16\" data-elementor-lightbox-title=\"xr:d:DAGBgaV7Yr4:76,j:6968618686133738476,t:24040722\" data-e-action-hash=\"#elementor-action%3Aaction%3Dlightbox%26settings%3DeyJpZCI6MTI0OCwidXJsIjoiaHR0cHM6XC9cL21hcXVpbmFzY2FicmluaS5jb20uYnJcL3dwLWNvbnRlbnRcL3VwbG9hZHNcLzIwMjRcLzA0XC8xNDkuanBnIiwic2xpZGVzaG93IjoiZjUyMmQxNiJ9\" href='https:\/\/maquinascabrini.com.br\/wp-content\/uploads\/2024\/04\/149.jpg'><img loading=\"lazy\" decoding=\"async\" width=\"350\" height=\"300\" src=\"https:\/\/maquinascabrini.com.br\/wp-content\/uploads\/2024\/04\/149.jpg\" class=\"attachment-full size-full\" alt=\"\" srcset=\"https:\/\/maquinascabrini.com.br\/wp-content\/uploads\/2024\/04\/149.jpg 350w, https:\/\/maquinascabrini.com.br\/wp-content\/uploads\/2024\/04\/149-300x257.jpg 300w\" sizes=\"(max-width: 350px) 100vw, 350px\" \/><\/a>\n\t\t\t<\/div><\/figure><figure class='gallery-item'>\n\t\t\t<div class='gallery-icon landscape'>\n\t\t\t\t<a data-elementor-open-lightbox=\"yes\" data-elementor-lightbox-slideshow=\"f522d16\" data-elementor-lightbox-title=\"xr:d:DAGBgaV7Yr4:76,j:6968618686133738476,t:24040722\" data-e-action-hash=\"#elementor-action%3Aaction%3Dlightbox%26settings%3DeyJpZCI6MTI0OSwidXJsIjoiaHR0cHM6XC9cL21hcXVpbmFzY2FicmluaS5jb20uYnJcL3dwLWNvbnRlbnRcL3VwbG9hZHNcLzIwMjRcLzA0XC8xNTAuanBnIiwic2xpZGVzaG93IjoiZjUyMmQxNiJ9\" href='https:\/\/maquinascabrini.com.br\/wp-content\/uploads\/2024\/04\/150.jpg'><img loading=\"lazy\" decoding=\"async\" width=\"350\" height=\"300\" src=\"https:\/\/maquinascabrini.com.br\/wp-content\/uploads\/2024\/04\/150.jpg\" class=\"attachment-full size-full\" alt=\"\" srcset=\"https:\/\/maquinascabrini.com.br\/wp-content\/uploads\/2024\/04\/150.jpg 350w, https:\/\/maquinascabrini.com.br\/wp-content\/uploads\/2024\/04\/150-300x257.jpg 300w\" sizes=\"(max-width: 350px) 100vw, 350px\" \/><\/a>\n\t\t\t<\/div><\/figure><figure class='gallery-item'>\n\t\t\t<div class='gallery-icon landscape'>\n\t\t\t\t<a data-elementor-open-lightbox=\"yes\" data-elementor-lightbox-slideshow=\"f522d16\" data-elementor-lightbox-title=\"xr:d:DAGBgaV7Yr4:76,j:6968618686133738476,t:24040722\" data-e-action-hash=\"#elementor-action%3Aaction%3Dlightbox%26settings%3DeyJpZCI6MTI1MCwidXJsIjoiaHR0cHM6XC9cL21hcXVpbmFzY2FicmluaS5jb20uYnJcL3dwLWNvbnRlbnRcL3VwbG9hZHNcLzIwMjRcLzA0XC8xNTEuanBnIiwic2xpZGVzaG93IjoiZjUyMmQxNiJ9\" href='https:\/\/maquinascabrini.com.br\/wp-content\/uploads\/2024\/04\/151.jpg'><img loading=\"lazy\" decoding=\"async\" width=\"350\" height=\"300\" src=\"https:\/\/maquinascabrini.com.br\/wp-content\/uploads\/2024\/04\/151.jpg\" class=\"attachment-full size-full\" alt=\"\" srcset=\"https:\/\/maquinascabrini.com.br\/wp-content\/uploads\/2024\/04\/151.jpg 350w, https:\/\/maquinascabrini.com.br\/wp-content\/uploads\/2024\/04\/151-300x257.jpg 300w\" sizes=\"(max-width: 350px) 100vw, 350px\" \/><\/a>\n\t\t\t<\/div><\/figure><figure class='gallery-item'>\n\t\t\t<div class='gallery-icon landscape'>\n\t\t\t\t<a data-elementor-open-lightbox=\"yes\" data-elementor-lightbox-slideshow=\"f522d16\" data-elementor-lightbox-title=\"xr:d:DAGBgaV7Yr4:76,j:6968618686133738476,t:24040722\" data-e-action-hash=\"#elementor-action%3Aaction%3Dlightbox%26settings%3DeyJpZCI6MTI1MSwidXJsIjoiaHR0cHM6XC9cL21hcXVpbmFzY2FicmluaS5jb20uYnJcL3dwLWNvbnRlbnRcL3VwbG9hZHNcLzIwMjRcLzA0XC8xNTIuanBnIiwic2xpZGVzaG93IjoiZjUyMmQxNiJ9\" href='https:\/\/maquinascabrini.com.br\/wp-content\/uploads\/2024\/04\/152.jpg'><img loading=\"lazy\" decoding=\"async\" width=\"350\" height=\"300\" src=\"https:\/\/maquinascabrini.com.br\/wp-content\/uploads\/2024\/04\/152.jpg\" class=\"attachment-full size-full\" alt=\"\" srcset=\"https:\/\/maquinascabrini.com.br\/wp-content\/uploads\/2024\/04\/152.jpg 350w, https:\/\/maquinascabrini.com.br\/wp-content\/uploads\/2024\/04\/152-300x257.jpg 300w\" sizes=\"(max-width: 350px) 100vw, 350px\" \/><\/a>\n\t\t\t<\/div><\/figure><figure class='gallery-item'>\n\t\t\t<div class='gallery-icon landscape'>\n\t\t\t\t<a data-elementor-open-lightbox=\"yes\" data-elementor-lightbox-slideshow=\"f522d16\" data-elementor-lightbox-title=\"xr:d:DAGBgaV7Yr4:76,j:6968618686133738476,t:24040722\" data-e-action-hash=\"#elementor-action%3Aaction%3Dlightbox%26settings%3DeyJpZCI6MTI1MiwidXJsIjoiaHR0cHM6XC9cL21hcXVpbmFzY2FicmluaS5jb20uYnJcL3dwLWNvbnRlbnRcL3VwbG9hZHNcLzIwMjRcLzA0XC8xNTMuanBnIiwic2xpZGVzaG93IjoiZjUyMmQxNiJ9\" href='https:\/\/maquinascabrini.com.br\/wp-content\/uploads\/2024\/04\/153.jpg'><img loading=\"lazy\" decoding=\"async\" width=\"350\" height=\"300\" src=\"https:\/\/maquinascabrini.com.br\/wp-content\/uploads\/2024\/04\/153.jpg\" class=\"attachment-full size-full\" alt=\"\" srcset=\"https:\/\/maquinascabrini.com.br\/wp-content\/uploads\/2024\/04\/153.jpg 350w, https:\/\/maquinascabrini.com.br\/wp-content\/uploads\/2024\/04\/153-300x257.jpg 300w\" sizes=\"(max-width: 350px) 100vw, 350px\" \/><\/a>\n\t\t\t<\/div><\/figure><figure class='gallery-item'>\n\t\t\t<div class='gallery-icon landscape'>\n\t\t\t\t<a data-elementor-open-lightbox=\"yes\" data-elementor-lightbox-slideshow=\"f522d16\" data-elementor-lightbox-title=\"xr:d:DAGBgaV7Yr4:76,j:6968618686133738476,t:24040722\" data-e-action-hash=\"#elementor-action%3Aaction%3Dlightbox%26settings%3DeyJpZCI6MTI1MywidXJsIjoiaHR0cHM6XC9cL21hcXVpbmFzY2FicmluaS5jb20uYnJcL3dwLWNvbnRlbnRcL3VwbG9hZHNcLzIwMjRcLzA0XC8xNTQuanBnIiwic2xpZGVzaG93IjoiZjUyMmQxNiJ9\" href='https:\/\/maquinascabrini.com.br\/wp-content\/uploads\/2024\/04\/154.jpg'><img loading=\"lazy\" decoding=\"async\" width=\"350\" height=\"300\" src=\"https:\/\/maquinascabrini.com.br\/wp-content\/uploads\/2024\/04\/154.jpg\" class=\"attachment-full size-full\" alt=\"\" srcset=\"https:\/\/maquinascabrini.com.br\/wp-content\/uploads\/2024\/04\/154.jpg 350w, https:\/\/maquinascabrini.com.br\/wp-content\/uploads\/2024\/04\/154-300x257.jpg 300w\" sizes=\"(max-width: 350px) 100vw, 350px\" \/><\/a>\n\t\t\t<\/div><\/figure><figure class='gallery-item'>\n\t\t\t<div class='gallery-icon landscape'>\n\t\t\t\t<a data-elementor-open-lightbox=\"yes\" data-elementor-lightbox-slideshow=\"f522d16\" data-elementor-lightbox-title=\"xr:d:DAGBgaV7Yr4:76,j:6968618686133738476,t:24040722\" data-e-action-hash=\"#elementor-action%3Aaction%3Dlightbox%26settings%3DeyJpZCI6MTI1NCwidXJsIjoiaHR0cHM6XC9cL21hcXVpbmFzY2FicmluaS5jb20uYnJcL3dwLWNvbnRlbnRcL3VwbG9hZHNcLzIwMjRcLzA0XC8xNTUuanBnIiwic2xpZGVzaG93IjoiZjUyMmQxNiJ9\" href='https:\/\/maquinascabrini.com.br\/wp-content\/uploads\/2024\/04\/155.jpg'><img loading=\"lazy\" decoding=\"async\" width=\"350\" height=\"300\" src=\"https:\/\/maquinascabrini.com.br\/wp-content\/uploads\/2024\/04\/155.jpg\" class=\"attachment-full size-full\" alt=\"\" srcset=\"https:\/\/maquinascabrini.com.br\/wp-content\/uploads\/2024\/04\/155.jpg 350w, https:\/\/maquinascabrini.com.br\/wp-content\/uploads\/2024\/04\/155-300x257.jpg 300w\" sizes=\"(max-width: 350px) 100vw, 350px\" \/><\/a>\n\t\t\t<\/div><\/figure><figure class='gallery-item'>\n\t\t\t<div class='gallery-icon landscape'>\n\t\t\t\t<a data-elementor-open-lightbox=\"yes\" data-elementor-lightbox-slideshow=\"f522d16\" data-elementor-lightbox-title=\"xr:d:DAGBgaV7Yr4:76,j:6968618686133738476,t:24040722\" data-e-action-hash=\"#elementor-action%3Aaction%3Dlightbox%26settings%3DeyJpZCI6MTI1NSwidXJsIjoiaHR0cHM6XC9cL21hcXVpbmFzY2FicmluaS5jb20uYnJcL3dwLWNvbnRlbnRcL3VwbG9hZHNcLzIwMjRcLzA0XC8xNTYuanBnIiwic2xpZGVzaG93IjoiZjUyMmQxNiJ9\" href='https:\/\/maquinascabrini.com.br\/wp-content\/uploads\/2024\/04\/156.jpg'><img loading=\"lazy\" decoding=\"async\" width=\"350\" height=\"300\" src=\"https:\/\/maquinascabrini.com.br\/wp-content\/uploads\/2024\/04\/156.jpg\" class=\"attachment-full size-full\" alt=\"\" srcset=\"https:\/\/maquinascabrini.com.br\/wp-content\/uploads\/2024\/04\/156.jpg 350w, https:\/\/maquinascabrini.com.br\/wp-content\/uploads\/2024\/04\/156-300x257.jpg 300w\" sizes=\"(max-width: 350px) 100vw, 350px\" \/><\/a>\n\t\t\t<\/div><\/figure><figure class='gallery-item'>\n\t\t\t<div class='gallery-icon landscape'>\n\t\t\t\t<a data-elementor-open-lightbox=\"yes\" data-elementor-lightbox-slideshow=\"f522d16\" data-elementor-lightbox-title=\"xr:d:DAGBgaV7Yr4:76,j:6968618686133738476,t:24040722\" data-e-action-hash=\"#elementor-action%3Aaction%3Dlightbox%26settings%3DeyJpZCI6MTI1NiwidXJsIjoiaHR0cHM6XC9cL21hcXVpbmFzY2FicmluaS5jb20uYnJcL3dwLWNvbnRlbnRcL3VwbG9hZHNcLzIwMjRcLzA0XC8xNTcuanBnIiwic2xpZGVzaG93IjoiZjUyMmQxNiJ9\" href='https:\/\/maquinascabrini.com.br\/wp-content\/uploads\/2024\/04\/157.jpg'><img loading=\"lazy\" decoding=\"async\" width=\"350\" height=\"300\" src=\"https:\/\/maquinascabrini.com.br\/wp-content\/uploads\/2024\/04\/157.jpg\" class=\"attachment-full size-full\" alt=\"\" srcset=\"https:\/\/maquinascabrini.com.br\/wp-content\/uploads\/2024\/04\/157.jpg 350w, https:\/\/maquinascabrini.com.br\/wp-content\/uploads\/2024\/04\/157-300x257.jpg 300w\" sizes=\"(max-width: 350px) 100vw, 350px\" \/><\/a>\n\t\t\t<\/div><\/figure><figure class='gallery-item'>\n\t\t\t<div class='gallery-icon landscape'>\n\t\t\t\t<a data-elementor-open-lightbox=\"yes\" data-elementor-lightbox-slideshow=\"f522d16\" data-elementor-lightbox-title=\"xr:d:DAGBgaV7Yr4:76,j:6968618686133738476,t:24040722\" data-e-action-hash=\"#elementor-action%3Aaction%3Dlightbox%26settings%3DeyJpZCI6MTI1NywidXJsIjoiaHR0cHM6XC9cL21hcXVpbmFzY2FicmluaS5jb20uYnJcL3dwLWNvbnRlbnRcL3VwbG9hZHNcLzIwMjRcLzA0XC8xNTguanBnIiwic2xpZGVzaG93IjoiZjUyMmQxNiJ9\" href='https:\/\/maquinascabrini.com.br\/wp-content\/uploads\/2024\/04\/158.jpg'><img loading=\"lazy\" decoding=\"async\" width=\"350\" height=\"300\" src=\"https:\/\/maquinascabrini.com.br\/wp-content\/uploads\/2024\/04\/158.jpg\" class=\"attachment-full size-full\" alt=\"\" srcset=\"https:\/\/maquinascabrini.com.br\/wp-content\/uploads\/2024\/04\/158.jpg 350w, https:\/\/maquinascabrini.com.br\/wp-content\/uploads\/2024\/04\/158-300x257.jpg 300w\" sizes=\"(max-width: 350px) 100vw, 350px\" \/><\/a>\n\t\t\t<\/div><\/figure><figure class='gallery-item'>\n\t\t\t<div class='gallery-icon landscape'>\n\t\t\t\t<a data-elementor-open-lightbox=\"yes\" data-elementor-lightbox-slideshow=\"f522d16\" data-elementor-lightbox-title=\"xr:d:DAGBgaV7Yr4:76,j:6968618686133738476,t:24040722\" data-e-action-hash=\"#elementor-action%3Aaction%3Dlightbox%26settings%3DeyJpZCI6MTI1OCwidXJsIjoiaHR0cHM6XC9cL21hcXVpbmFzY2FicmluaS5jb20uYnJcL3dwLWNvbnRlbnRcL3VwbG9hZHNcLzIwMjRcLzA0XC8xNTkuanBnIiwic2xpZGVzaG93IjoiZjUyMmQxNiJ9\" href='https:\/\/maquinascabrini.com.br\/wp-content\/uploads\/2024\/04\/159.jpg'><img loading=\"lazy\" decoding=\"async\" width=\"350\" height=\"300\" src=\"https:\/\/maquinascabrini.com.br\/wp-content\/uploads\/2024\/04\/159.jpg\" class=\"attachment-full size-full\" alt=\"\" srcset=\"https:\/\/maquinascabrini.com.br\/wp-content\/uploads\/2024\/04\/159.jpg 350w, https:\/\/maquinascabrini.com.br\/wp-content\/uploads\/2024\/04\/159-300x257.jpg 300w\" sizes=\"(max-width: 350px) 100vw, 350px\" \/><\/a>\n\t\t\t<\/div><\/figure>\n\t\t<\/div>\n\t\t<\/div>\n\t\t\t\t<\/div>\n\t\t\t\t<\/div>\n\t\t\t\t\t<\/div>\n\t\t\t\t<\/div>\n\t\t\t\t<\/div>\n\t\t","protected":false},"excerpt":{"rendered":"<p>M\u00e1quina de Lim\u00e3o Descri\u00e7\u00e3o Tombador autom\u00e1tico para caixas Desinfetador de caixas tracionado por corrente Tanque de imers\u00e3o em fibra ou a\u00e7o inox Entrada de roletes em pvc Lavador com escovas de nylon Pr\u00e9 secador com roletes de espumas Ventilador de fibra com h\u00e9lice pl\u00e1stica Secador de rolete em pvcClassificador de roletes transversais (pre classifica\u00e7\u00e3o) Lonas [&hellip;]<\/p>\n","protected":false},"author":1,"featured_media":0,"parent":0,"menu_order":0,"comment_status":"closed","ping_status":"closed","template":"elementor_header_footer","meta":{"footnotes":""},"class_list":["post-1239","page","type-page","status-publish","hentry"],"_links":{"self":[{"href":"https:\/\/maquinascabrini.com.br\/index.php?rest_route=\/wp\/v2\/pages\/1239","targetHints":{"allow":["GET"]}}],"collection":[{"href":"https:\/\/maquinascabrini.com.br\/index.php?rest_route=\/wp\/v2\/pages"}],"about":[{"href":"https:\/\/maquinascabrini.com.br\/index.php?rest_route=\/wp\/v2\/types\/page"}],"author":[{"embeddable":true,"href":"https:\/\/maquinascabrini.com.br\/index.php?rest_route=\/wp\/v2\/users\/1"}],"replies":[{"embeddable":true,"href":"https:\/\/maquinascabrini.com.br\/index.php?rest_route=%2Fwp%2Fv2%2Fcomments&post=1239"}],"version-history":[{"count":4,"href":"https:\/\/maquinascabrini.com.br\/index.php?rest_route=\/wp\/v2\/pages\/1239\/revisions"}],"predecessor-version":[{"id":1261,"href":"https:\/\/maquinascabrini.com.br\/index.php?rest_route=\/wp\/v2\/pages\/1239\/revisions\/1261"}],"wp:attachment":[{"href":"https:\/\/maquinascabrini.com.br\/index.php?rest_route=%2Fwp%2Fv2%2Fmedia&parent=1239"}],"curies":[{"name":"wp","href":"https:\/\/api.w.org\/{rel}","templated":true}]}}