{"id":1087,"date":"2024-04-07T17:45:39","date_gmt":"2024-04-07T20:45:39","guid":{"rendered":"http:\/\/maquinascabrini.com.br\/?page_id=1087"},"modified":"2024-04-07T17:56:45","modified_gmt":"2024-04-07T20:56:45","slug":"maquina-de-beneficiamento-abacate-01-3-4-3-2-2-2","status":"publish","type":"page","link":"https:\/\/maquinascabrini.com.br\/?page_id=1087","title":{"rendered":"M\u00c1QUINA DE CEBOLA"},"content":{"rendered":"\t\t<div data-elementor-type=\"wp-page\" data-elementor-id=\"1087\" class=\"elementor elementor-1087\" data-elementor-post-type=\"page\">\n\t\t\t\t<div class=\"elementor-element elementor-element-5f4fd62 e-flex e-con-boxed e-con e-parent\" data-id=\"5f4fd62\" data-element_type=\"container\">\n\t\t\t\t\t<div class=\"e-con-inner\">\n\t\t\t\t<div class=\"elementor-element elementor-element-068e53c elementor-widget elementor-widget-heading\" data-id=\"068e53c\" data-element_type=\"widget\" data-widget_type=\"heading.default\">\n\t\t\t\t<div class=\"elementor-widget-container\">\n\t\t\t<h2 class=\"elementor-heading-title elementor-size-default\">M\u00e1quina de Cebola<\/h2>\t\t<\/div>\n\t\t\t\t<\/div>\n\t\t\t\t\t<\/div>\n\t\t\t\t<\/div>\n\t\t<div class=\"elementor-element elementor-element-677d442 e-flex e-con-boxed e-con e-parent\" data-id=\"677d442\" data-element_type=\"container\" data-settings=\"{&quot;background_background&quot;:&quot;classic&quot;}\">\n\t\t\t\t\t<div class=\"e-con-inner\">\n\t\t<div class=\"elementor-element elementor-element-6507061 e-con-full e-flex e-con e-child\" data-id=\"6507061\" data-element_type=\"container\">\n\t\t\t\t<div class=\"elementor-element elementor-element-b15df48 elementor-widget elementor-widget-heading\" data-id=\"b15df48\" data-element_type=\"widget\" data-widget_type=\"heading.default\">\n\t\t\t\t<div class=\"elementor-widget-container\">\n\t\t\t<h2 class=\"elementor-heading-title elementor-size-default\">Descri\u00e7\u00e3o<\/h2>\t\t<\/div>\n\t\t\t\t<\/div>\n\t\t\t\t<div class=\"elementor-element elementor-element-27cb277 elementor-widget elementor-widget-text-editor\" data-id=\"27cb277\" data-element_type=\"widget\" data-widget_type=\"text-editor.default\">\n\t\t\t\t<div class=\"elementor-widget-container\">\n\t\t\t\t\t\t\t<ul><li class=\"p1\">Tanque de chapa (tolva) para descarga da cebola<\/li><li class=\"p1\">Lonas transportadoras para distribui\u00e7\u00e3o da cebola<\/li><li class=\"p1\">Entrada de roletes em pvc<\/li><li class=\"p1\">Polidor com escovas de pelo 50%<\/li><li class=\"p1\">Exaustor de palha com tubula\u00e7\u00e3o<\/li><li class=\"p1\">Escolha de rolete em pvc<\/li><li class=\"p1\">Prote\u00e7\u00e3o acr\u00edlica contra poeira<\/li><li class=\"p1\">Ventilador para o rabicho do classificador<\/li><li class=\"p1\">Classificador de roletes lineares com suporte para saco<\/li><li class=\"p1\">Banc\u00e3o final com suporte para saco<\/li><\/ul>\t\t\t\t\t\t<\/div>\n\t\t\t\t<\/div>\n\t\t\t\t<\/div>\n\t\t<div class=\"elementor-element elementor-element-c47f698 e-con-full e-flex e-con e-child\" data-id=\"c47f698\" data-element_type=\"container\">\n\t\t\t\t<div class=\"elementor-element elementor-element-faa23e2 elementor-widget elementor-widget-image\" data-id=\"faa23e2\" data-element_type=\"widget\" data-widget_type=\"image.default\">\n\t\t\t\t<div class=\"elementor-widget-container\">\n\t\t\t\t\t\t\t\t\t\t\t\t\t<img fetchpriority=\"high\" decoding=\"async\" width=\"350\" height=\"300\" src=\"https:\/\/maquinascabrini.com.br\/wp-content\/uploads\/2024\/04\/Yellow-and-Brown-Modern-Apparel-Logo-350-x-300-px-1-1.png\" class=\"attachment-full size-full wp-image-1093\" alt=\"\" srcset=\"https:\/\/maquinascabrini.com.br\/wp-content\/uploads\/2024\/04\/Yellow-and-Brown-Modern-Apparel-Logo-350-x-300-px-1-1.png 350w, https:\/\/maquinascabrini.com.br\/wp-content\/uploads\/2024\/04\/Yellow-and-Brown-Modern-Apparel-Logo-350-x-300-px-1-1-300x257.png 300w\" sizes=\"(max-width: 350px) 100vw, 350px\" \/>\t\t\t\t\t\t\t\t\t\t\t\t\t<\/div>\n\t\t\t\t<\/div>\n\t\t\t\t<\/div>\n\t\t\t\t\t<\/div>\n\t\t\t\t<\/div>\n\t\t<div class=\"elementor-element elementor-element-fda2806 e-flex e-con-boxed e-con e-parent\" data-id=\"fda2806\" data-element_type=\"container\">\n\t\t\t\t\t<div class=\"e-con-inner\">\n\t\t\t\t<div class=\"elementor-element elementor-element-f522d16 gallery-spacing-custom elementor-widget elementor-widget-image-gallery\" data-id=\"f522d16\" data-element_type=\"widget\" data-widget_type=\"image-gallery.default\">\n\t\t\t\t<div class=\"elementor-widget-container\">\n\t\t\t\t\t<div class=\"elementor-image-gallery\">\n\t\t\t<div id='gallery-1' class='gallery galleryid-1087 gallery-columns-3 gallery-size-full'><figure class='gallery-item'>\n\t\t\t<div class='gallery-icon landscape'>\n\t\t\t\t<a data-elementor-open-lightbox=\"yes\" data-elementor-lightbox-slideshow=\"f522d16\" data-elementor-lightbox-title=\"xr:d:DAGBgaV7Yr4:54,j:5549984794805739861,t:24040720\" data-e-action-hash=\"#elementor-action%3Aaction%3Dlightbox%26settings%3DeyJpZCI6MTA5NCwidXJsIjoiaHR0cHM6XC9cL21hcXVpbmFzY2FicmluaS5jb20uYnJcL3dwLWNvbnRlbnRcL3VwbG9hZHNcLzIwMjRcLzA0XC84Mi5qcGciLCJzbGlkZXNob3ciOiJmNTIyZDE2In0%3D\" href='https:\/\/maquinascabrini.com.br\/wp-content\/uploads\/2024\/04\/82.jpg'><img decoding=\"async\" width=\"350\" height=\"300\" src=\"https:\/\/maquinascabrini.com.br\/wp-content\/uploads\/2024\/04\/82.jpg\" class=\"attachment-full size-full\" alt=\"\" srcset=\"https:\/\/maquinascabrini.com.br\/wp-content\/uploads\/2024\/04\/82.jpg 350w, https:\/\/maquinascabrini.com.br\/wp-content\/uploads\/2024\/04\/82-300x257.jpg 300w\" sizes=\"(max-width: 350px) 100vw, 350px\" \/><\/a>\n\t\t\t<\/div><\/figure><figure class='gallery-item'>\n\t\t\t<div class='gallery-icon landscape'>\n\t\t\t\t<a data-elementor-open-lightbox=\"yes\" data-elementor-lightbox-slideshow=\"f522d16\" data-elementor-lightbox-title=\"xr:d:DAGBgaV7Yr4:54,j:5549984794805739861,t:24040720\" data-e-action-hash=\"#elementor-action%3Aaction%3Dlightbox%26settings%3DeyJpZCI6MTA5NSwidXJsIjoiaHR0cHM6XC9cL21hcXVpbmFzY2FicmluaS5jb20uYnJcL3dwLWNvbnRlbnRcL3VwbG9hZHNcLzIwMjRcLzA0XC84My5qcGciLCJzbGlkZXNob3ciOiJmNTIyZDE2In0%3D\" href='https:\/\/maquinascabrini.com.br\/wp-content\/uploads\/2024\/04\/83.jpg'><img decoding=\"async\" width=\"350\" height=\"300\" src=\"https:\/\/maquinascabrini.com.br\/wp-content\/uploads\/2024\/04\/83.jpg\" class=\"attachment-full size-full\" alt=\"\" srcset=\"https:\/\/maquinascabrini.com.br\/wp-content\/uploads\/2024\/04\/83.jpg 350w, https:\/\/maquinascabrini.com.br\/wp-content\/uploads\/2024\/04\/83-300x257.jpg 300w\" sizes=\"(max-width: 350px) 100vw, 350px\" \/><\/a>\n\t\t\t<\/div><\/figure><figure class='gallery-item'>\n\t\t\t<div class='gallery-icon landscape'>\n\t\t\t\t<a data-elementor-open-lightbox=\"yes\" data-elementor-lightbox-slideshow=\"f522d16\" data-elementor-lightbox-title=\"xr:d:DAGBgaV7Yr4:54,j:5549984794805739861,t:24040720\" data-e-action-hash=\"#elementor-action%3Aaction%3Dlightbox%26settings%3DeyJpZCI6MTA5NiwidXJsIjoiaHR0cHM6XC9cL21hcXVpbmFzY2FicmluaS5jb20uYnJcL3dwLWNvbnRlbnRcL3VwbG9hZHNcLzIwMjRcLzA0XC84NC5qcGciLCJzbGlkZXNob3ciOiJmNTIyZDE2In0%3D\" href='https:\/\/maquinascabrini.com.br\/wp-content\/uploads\/2024\/04\/84.jpg'><img loading=\"lazy\" decoding=\"async\" width=\"350\" height=\"300\" src=\"https:\/\/maquinascabrini.com.br\/wp-content\/uploads\/2024\/04\/84.jpg\" class=\"attachment-full size-full\" alt=\"\" srcset=\"https:\/\/maquinascabrini.com.br\/wp-content\/uploads\/2024\/04\/84.jpg 350w, https:\/\/maquinascabrini.com.br\/wp-content\/uploads\/2024\/04\/84-300x257.jpg 300w\" sizes=\"(max-width: 350px) 100vw, 350px\" \/><\/a>\n\t\t\t<\/div><\/figure><figure class='gallery-item'>\n\t\t\t<div class='gallery-icon landscape'>\n\t\t\t\t<a data-elementor-open-lightbox=\"yes\" data-elementor-lightbox-slideshow=\"f522d16\" data-elementor-lightbox-title=\"xr:d:DAGBgaV7Yr4:54,j:5549984794805739861,t:24040720\" data-e-action-hash=\"#elementor-action%3Aaction%3Dlightbox%26settings%3DeyJpZCI6MTA5NywidXJsIjoiaHR0cHM6XC9cL21hcXVpbmFzY2FicmluaS5jb20uYnJcL3dwLWNvbnRlbnRcL3VwbG9hZHNcLzIwMjRcLzA0XC84NS5qcGciLCJzbGlkZXNob3ciOiJmNTIyZDE2In0%3D\" href='https:\/\/maquinascabrini.com.br\/wp-content\/uploads\/2024\/04\/85.jpg'><img loading=\"lazy\" decoding=\"async\" width=\"350\" height=\"300\" src=\"https:\/\/maquinascabrini.com.br\/wp-content\/uploads\/2024\/04\/85.jpg\" class=\"attachment-full size-full\" alt=\"\" srcset=\"https:\/\/maquinascabrini.com.br\/wp-content\/uploads\/2024\/04\/85.jpg 350w, https:\/\/maquinascabrini.com.br\/wp-content\/uploads\/2024\/04\/85-300x257.jpg 300w\" sizes=\"(max-width: 350px) 100vw, 350px\" \/><\/a>\n\t\t\t<\/div><\/figure><figure class='gallery-item'>\n\t\t\t<div class='gallery-icon landscape'>\n\t\t\t\t<a data-elementor-open-lightbox=\"yes\" data-elementor-lightbox-slideshow=\"f522d16\" data-elementor-lightbox-title=\"xr:d:DAGBgaV7Yr4:54,j:5549984794805739861,t:24040720\" data-e-action-hash=\"#elementor-action%3Aaction%3Dlightbox%26settings%3DeyJpZCI6MTA5OCwidXJsIjoiaHR0cHM6XC9cL21hcXVpbmFzY2FicmluaS5jb20uYnJcL3dwLWNvbnRlbnRcL3VwbG9hZHNcLzIwMjRcLzA0XC84Ni5qcGciLCJzbGlkZXNob3ciOiJmNTIyZDE2In0%3D\" href='https:\/\/maquinascabrini.com.br\/wp-content\/uploads\/2024\/04\/86.jpg'><img loading=\"lazy\" decoding=\"async\" width=\"350\" height=\"300\" src=\"https:\/\/maquinascabrini.com.br\/wp-content\/uploads\/2024\/04\/86.jpg\" class=\"attachment-full size-full\" alt=\"\" srcset=\"https:\/\/maquinascabrini.com.br\/wp-content\/uploads\/2024\/04\/86.jpg 350w, https:\/\/maquinascabrini.com.br\/wp-content\/uploads\/2024\/04\/86-300x257.jpg 300w\" sizes=\"(max-width: 350px) 100vw, 350px\" \/><\/a>\n\t\t\t<\/div><\/figure><figure class='gallery-item'>\n\t\t\t<div class='gallery-icon landscape'>\n\t\t\t\t<a data-elementor-open-lightbox=\"yes\" data-elementor-lightbox-slideshow=\"f522d16\" data-elementor-lightbox-title=\"xr:d:DAGBgaV7Yr4:54,j:5549984794805739861,t:24040720\" data-e-action-hash=\"#elementor-action%3Aaction%3Dlightbox%26settings%3DeyJpZCI6MTA5OSwidXJsIjoiaHR0cHM6XC9cL21hcXVpbmFzY2FicmluaS5jb20uYnJcL3dwLWNvbnRlbnRcL3VwbG9hZHNcLzIwMjRcLzA0XC84Ny5qcGciLCJzbGlkZXNob3ciOiJmNTIyZDE2In0%3D\" href='https:\/\/maquinascabrini.com.br\/wp-content\/uploads\/2024\/04\/87.jpg'><img loading=\"lazy\" decoding=\"async\" width=\"350\" height=\"300\" src=\"https:\/\/maquinascabrini.com.br\/wp-content\/uploads\/2024\/04\/87.jpg\" class=\"attachment-full size-full\" alt=\"\" srcset=\"https:\/\/maquinascabrini.com.br\/wp-content\/uploads\/2024\/04\/87.jpg 350w, https:\/\/maquinascabrini.com.br\/wp-content\/uploads\/2024\/04\/87-300x257.jpg 300w\" sizes=\"(max-width: 350px) 100vw, 350px\" \/><\/a>\n\t\t\t<\/div><\/figure><figure class='gallery-item'>\n\t\t\t<div class='gallery-icon landscape'>\n\t\t\t\t<a data-elementor-open-lightbox=\"yes\" data-elementor-lightbox-slideshow=\"f522d16\" data-elementor-lightbox-title=\"xr:d:DAGBgaV7Yr4:54,j:5549984794805739861,t:24040720\" data-e-action-hash=\"#elementor-action%3Aaction%3Dlightbox%26settings%3DeyJpZCI6MTEwMCwidXJsIjoiaHR0cHM6XC9cL21hcXVpbmFzY2FicmluaS5jb20uYnJcL3dwLWNvbnRlbnRcL3VwbG9hZHNcLzIwMjRcLzA0XC84OC5qcGciLCJzbGlkZXNob3ciOiJmNTIyZDE2In0%3D\" href='https:\/\/maquinascabrini.com.br\/wp-content\/uploads\/2024\/04\/88.jpg'><img loading=\"lazy\" decoding=\"async\" width=\"350\" height=\"300\" src=\"https:\/\/maquinascabrini.com.br\/wp-content\/uploads\/2024\/04\/88.jpg\" class=\"attachment-full size-full\" alt=\"\" srcset=\"https:\/\/maquinascabrini.com.br\/wp-content\/uploads\/2024\/04\/88.jpg 350w, https:\/\/maquinascabrini.com.br\/wp-content\/uploads\/2024\/04\/88-300x257.jpg 300w\" sizes=\"(max-width: 350px) 100vw, 350px\" \/><\/a>\n\t\t\t<\/div><\/figure><figure class='gallery-item'>\n\t\t\t<div class='gallery-icon landscape'>\n\t\t\t\t<a data-elementor-open-lightbox=\"yes\" data-elementor-lightbox-slideshow=\"f522d16\" data-elementor-lightbox-title=\"xr:d:DAGBgaV7Yr4:54,j:5549984794805739861,t:24040720\" data-e-action-hash=\"#elementor-action%3Aaction%3Dlightbox%26settings%3DeyJpZCI6MTEwMSwidXJsIjoiaHR0cHM6XC9cL21hcXVpbmFzY2FicmluaS5jb20uYnJcL3dwLWNvbnRlbnRcL3VwbG9hZHNcLzIwMjRcLzA0XC84OS5qcGciLCJzbGlkZXNob3ciOiJmNTIyZDE2In0%3D\" href='https:\/\/maquinascabrini.com.br\/wp-content\/uploads\/2024\/04\/89.jpg'><img loading=\"lazy\" decoding=\"async\" width=\"350\" height=\"300\" src=\"https:\/\/maquinascabrini.com.br\/wp-content\/uploads\/2024\/04\/89.jpg\" class=\"attachment-full size-full\" alt=\"\" srcset=\"https:\/\/maquinascabrini.com.br\/wp-content\/uploads\/2024\/04\/89.jpg 350w, https:\/\/maquinascabrini.com.br\/wp-content\/uploads\/2024\/04\/89-300x257.jpg 300w\" sizes=\"(max-width: 350px) 100vw, 350px\" \/><\/a>\n\t\t\t<\/div><\/figure><figure class='gallery-item'>\n\t\t\t<div class='gallery-icon landscape'>\n\t\t\t\t<a data-elementor-open-lightbox=\"yes\" data-elementor-lightbox-slideshow=\"f522d16\" data-elementor-lightbox-title=\"xr:d:DAGBgaV7Yr4:54,j:5549984794805739861,t:24040720\" data-e-action-hash=\"#elementor-action%3Aaction%3Dlightbox%26settings%3DeyJpZCI6MTEwMiwidXJsIjoiaHR0cHM6XC9cL21hcXVpbmFzY2FicmluaS5jb20uYnJcL3dwLWNvbnRlbnRcL3VwbG9hZHNcLzIwMjRcLzA0XC85MC5qcGciLCJzbGlkZXNob3ciOiJmNTIyZDE2In0%3D\" href='https:\/\/maquinascabrini.com.br\/wp-content\/uploads\/2024\/04\/90.jpg'><img loading=\"lazy\" decoding=\"async\" width=\"350\" height=\"300\" src=\"https:\/\/maquinascabrini.com.br\/wp-content\/uploads\/2024\/04\/90.jpg\" class=\"attachment-full size-full\" alt=\"\" srcset=\"https:\/\/maquinascabrini.com.br\/wp-content\/uploads\/2024\/04\/90.jpg 350w, https:\/\/maquinascabrini.com.br\/wp-content\/uploads\/2024\/04\/90-300x257.jpg 300w\" sizes=\"(max-width: 350px) 100vw, 350px\" \/><\/a>\n\t\t\t<\/div><\/figure><figure class='gallery-item'>\n\t\t\t<div class='gallery-icon landscape'>\n\t\t\t\t<a data-elementor-open-lightbox=\"yes\" data-elementor-lightbox-slideshow=\"f522d16\" data-elementor-lightbox-title=\"xr:d:DAGBgaV7Yr4:54,j:5549984794805739861,t:24040720\" data-e-action-hash=\"#elementor-action%3Aaction%3Dlightbox%26settings%3DeyJpZCI6MTEwMywidXJsIjoiaHR0cHM6XC9cL21hcXVpbmFzY2FicmluaS5jb20uYnJcL3dwLWNvbnRlbnRcL3VwbG9hZHNcLzIwMjRcLzA0XC85MS5qcGciLCJzbGlkZXNob3ciOiJmNTIyZDE2In0%3D\" href='https:\/\/maquinascabrini.com.br\/wp-content\/uploads\/2024\/04\/91.jpg'><img loading=\"lazy\" decoding=\"async\" width=\"350\" height=\"300\" src=\"https:\/\/maquinascabrini.com.br\/wp-content\/uploads\/2024\/04\/91.jpg\" class=\"attachment-full size-full\" alt=\"\" srcset=\"https:\/\/maquinascabrini.com.br\/wp-content\/uploads\/2024\/04\/91.jpg 350w, https:\/\/maquinascabrini.com.br\/wp-content\/uploads\/2024\/04\/91-300x257.jpg 300w\" sizes=\"(max-width: 350px) 100vw, 350px\" \/><\/a>\n\t\t\t<\/div><\/figure><figure class='gallery-item'>\n\t\t\t<div class='gallery-icon landscape'>\n\t\t\t\t<a data-elementor-open-lightbox=\"yes\" data-elementor-lightbox-slideshow=\"f522d16\" data-elementor-lightbox-title=\"xr:d:DAGBgaV7Yr4:54,j:5549984794805739861,t:24040720\" data-e-action-hash=\"#elementor-action%3Aaction%3Dlightbox%26settings%3DeyJpZCI6MTEwNCwidXJsIjoiaHR0cHM6XC9cL21hcXVpbmFzY2FicmluaS5jb20uYnJcL3dwLWNvbnRlbnRcL3VwbG9hZHNcLzIwMjRcLzA0XC85Mi5qcGciLCJzbGlkZXNob3ciOiJmNTIyZDE2In0%3D\" href='https:\/\/maquinascabrini.com.br\/wp-content\/uploads\/2024\/04\/92.jpg'><img loading=\"lazy\" decoding=\"async\" width=\"350\" height=\"300\" src=\"https:\/\/maquinascabrini.com.br\/wp-content\/uploads\/2024\/04\/92.jpg\" class=\"attachment-full size-full\" alt=\"\" srcset=\"https:\/\/maquinascabrini.com.br\/wp-content\/uploads\/2024\/04\/92.jpg 350w, https:\/\/maquinascabrini.com.br\/wp-content\/uploads\/2024\/04\/92-300x257.jpg 300w\" sizes=\"(max-width: 350px) 100vw, 350px\" \/><\/a>\n\t\t\t<\/div><\/figure><figure class='gallery-item'>\n\t\t\t<div class='gallery-icon landscape'>\n\t\t\t\t<a data-elementor-open-lightbox=\"yes\" data-elementor-lightbox-slideshow=\"f522d16\" data-elementor-lightbox-title=\"xr:d:DAGBgaV7Yr4:54,j:5549984794805739861,t:24040720\" data-e-action-hash=\"#elementor-action%3Aaction%3Dlightbox%26settings%3DeyJpZCI6MTEwNSwidXJsIjoiaHR0cHM6XC9cL21hcXVpbmFzY2FicmluaS5jb20uYnJcL3dwLWNvbnRlbnRcL3VwbG9hZHNcLzIwMjRcLzA0XC83NS5qcGciLCJzbGlkZXNob3ciOiJmNTIyZDE2In0%3D\" href='https:\/\/maquinascabrini.com.br\/wp-content\/uploads\/2024\/04\/75.jpg'><img loading=\"lazy\" decoding=\"async\" width=\"350\" height=\"300\" src=\"https:\/\/maquinascabrini.com.br\/wp-content\/uploads\/2024\/04\/75.jpg\" class=\"attachment-full size-full\" alt=\"\" srcset=\"https:\/\/maquinascabrini.com.br\/wp-content\/uploads\/2024\/04\/75.jpg 350w, https:\/\/maquinascabrini.com.br\/wp-content\/uploads\/2024\/04\/75-300x257.jpg 300w\" sizes=\"(max-width: 350px) 100vw, 350px\" \/><\/a>\n\t\t\t<\/div><\/figure><figure class='gallery-item'>\n\t\t\t<div class='gallery-icon landscape'>\n\t\t\t\t<a data-elementor-open-lightbox=\"yes\" data-elementor-lightbox-slideshow=\"f522d16\" data-elementor-lightbox-title=\"xr:d:DAGBgaV7Yr4:54,j:5549984794805739861,t:24040720\" data-e-action-hash=\"#elementor-action%3Aaction%3Dlightbox%26settings%3DeyJpZCI6MTEwNiwidXJsIjoiaHR0cHM6XC9cL21hcXVpbmFzY2FicmluaS5jb20uYnJcL3dwLWNvbnRlbnRcL3VwbG9hZHNcLzIwMjRcLzA0XC83Ni5qcGciLCJzbGlkZXNob3ciOiJmNTIyZDE2In0%3D\" href='https:\/\/maquinascabrini.com.br\/wp-content\/uploads\/2024\/04\/76.jpg'><img loading=\"lazy\" decoding=\"async\" width=\"350\" height=\"300\" src=\"https:\/\/maquinascabrini.com.br\/wp-content\/uploads\/2024\/04\/76.jpg\" class=\"attachment-full size-full\" alt=\"\" srcset=\"https:\/\/maquinascabrini.com.br\/wp-content\/uploads\/2024\/04\/76.jpg 350w, https:\/\/maquinascabrini.com.br\/wp-content\/uploads\/2024\/04\/76-300x257.jpg 300w\" sizes=\"(max-width: 350px) 100vw, 350px\" \/><\/a>\n\t\t\t<\/div><\/figure><figure class='gallery-item'>\n\t\t\t<div class='gallery-icon landscape'>\n\t\t\t\t<a data-elementor-open-lightbox=\"yes\" data-elementor-lightbox-slideshow=\"f522d16\" data-elementor-lightbox-title=\"xr:d:DAGBgaV7Yr4:54,j:5549984794805739861,t:24040720\" data-e-action-hash=\"#elementor-action%3Aaction%3Dlightbox%26settings%3DeyJpZCI6MTEwNywidXJsIjoiaHR0cHM6XC9cL21hcXVpbmFzY2FicmluaS5jb20uYnJcL3dwLWNvbnRlbnRcL3VwbG9hZHNcLzIwMjRcLzA0XC83Ny5qcGciLCJzbGlkZXNob3ciOiJmNTIyZDE2In0%3D\" href='https:\/\/maquinascabrini.com.br\/wp-content\/uploads\/2024\/04\/77.jpg'><img loading=\"lazy\" decoding=\"async\" width=\"350\" height=\"300\" src=\"https:\/\/maquinascabrini.com.br\/wp-content\/uploads\/2024\/04\/77.jpg\" class=\"attachment-full size-full\" alt=\"\" srcset=\"https:\/\/maquinascabrini.com.br\/wp-content\/uploads\/2024\/04\/77.jpg 350w, https:\/\/maquinascabrini.com.br\/wp-content\/uploads\/2024\/04\/77-300x257.jpg 300w\" sizes=\"(max-width: 350px) 100vw, 350px\" \/><\/a>\n\t\t\t<\/div><\/figure><figure class='gallery-item'>\n\t\t\t<div class='gallery-icon landscape'>\n\t\t\t\t<a data-elementor-open-lightbox=\"yes\" data-elementor-lightbox-slideshow=\"f522d16\" data-elementor-lightbox-title=\"xr:d:DAGBgaV7Yr4:54,j:5549984794805739861,t:24040720\" data-e-action-hash=\"#elementor-action%3Aaction%3Dlightbox%26settings%3DeyJpZCI6MTEwOCwidXJsIjoiaHR0cHM6XC9cL21hcXVpbmFzY2FicmluaS5jb20uYnJcL3dwLWNvbnRlbnRcL3VwbG9hZHNcLzIwMjRcLzA0XC83OC5qcGciLCJzbGlkZXNob3ciOiJmNTIyZDE2In0%3D\" href='https:\/\/maquinascabrini.com.br\/wp-content\/uploads\/2024\/04\/78.jpg'><img loading=\"lazy\" decoding=\"async\" width=\"350\" height=\"300\" src=\"https:\/\/maquinascabrini.com.br\/wp-content\/uploads\/2024\/04\/78.jpg\" class=\"attachment-full size-full\" alt=\"\" srcset=\"https:\/\/maquinascabrini.com.br\/wp-content\/uploads\/2024\/04\/78.jpg 350w, https:\/\/maquinascabrini.com.br\/wp-content\/uploads\/2024\/04\/78-300x257.jpg 300w\" sizes=\"(max-width: 350px) 100vw, 350px\" \/><\/a>\n\t\t\t<\/div><\/figure><figure class='gallery-item'>\n\t\t\t<div class='gallery-icon landscape'>\n\t\t\t\t<a data-elementor-open-lightbox=\"yes\" data-elementor-lightbox-slideshow=\"f522d16\" data-elementor-lightbox-title=\"xr:d:DAGBgaV7Yr4:54,j:5549984794805739861,t:24040720\" data-e-action-hash=\"#elementor-action%3Aaction%3Dlightbox%26settings%3DeyJpZCI6MTEwOSwidXJsIjoiaHR0cHM6XC9cL21hcXVpbmFzY2FicmluaS5jb20uYnJcL3dwLWNvbnRlbnRcL3VwbG9hZHNcLzIwMjRcLzA0XC83OS5qcGciLCJzbGlkZXNob3ciOiJmNTIyZDE2In0%3D\" href='https:\/\/maquinascabrini.com.br\/wp-content\/uploads\/2024\/04\/79.jpg'><img loading=\"lazy\" decoding=\"async\" width=\"350\" height=\"300\" src=\"https:\/\/maquinascabrini.com.br\/wp-content\/uploads\/2024\/04\/79.jpg\" class=\"attachment-full size-full\" alt=\"\" srcset=\"https:\/\/maquinascabrini.com.br\/wp-content\/uploads\/2024\/04\/79.jpg 350w, https:\/\/maquinascabrini.com.br\/wp-content\/uploads\/2024\/04\/79-300x257.jpg 300w\" sizes=\"(max-width: 350px) 100vw, 350px\" \/><\/a>\n\t\t\t<\/div><\/figure><figure class='gallery-item'>\n\t\t\t<div class='gallery-icon landscape'>\n\t\t\t\t<a data-elementor-open-lightbox=\"yes\" data-elementor-lightbox-slideshow=\"f522d16\" data-elementor-lightbox-title=\"xr:d:DAGBgaV7Yr4:54,j:5549984794805739861,t:24040720\" data-e-action-hash=\"#elementor-action%3Aaction%3Dlightbox%26settings%3DeyJpZCI6MTExMCwidXJsIjoiaHR0cHM6XC9cL21hcXVpbmFzY2FicmluaS5jb20uYnJcL3dwLWNvbnRlbnRcL3VwbG9hZHNcLzIwMjRcLzA0XC84MC5qcGciLCJzbGlkZXNob3ciOiJmNTIyZDE2In0%3D\" href='https:\/\/maquinascabrini.com.br\/wp-content\/uploads\/2024\/04\/80.jpg'><img loading=\"lazy\" decoding=\"async\" width=\"350\" height=\"300\" src=\"https:\/\/maquinascabrini.com.br\/wp-content\/uploads\/2024\/04\/80.jpg\" class=\"attachment-full size-full\" alt=\"\" srcset=\"https:\/\/maquinascabrini.com.br\/wp-content\/uploads\/2024\/04\/80.jpg 350w, https:\/\/maquinascabrini.com.br\/wp-content\/uploads\/2024\/04\/80-300x257.jpg 300w\" sizes=\"(max-width: 350px) 100vw, 350px\" \/><\/a>\n\t\t\t<\/div><\/figure><figure class='gallery-item'>\n\t\t\t<div class='gallery-icon landscape'>\n\t\t\t\t<a data-elementor-open-lightbox=\"yes\" data-elementor-lightbox-slideshow=\"f522d16\" data-elementor-lightbox-title=\"xr:d:DAGBgaV7Yr4:54,j:5549984794805739861,t:24040720\" data-e-action-hash=\"#elementor-action%3Aaction%3Dlightbox%26settings%3DeyJpZCI6MTExMSwidXJsIjoiaHR0cHM6XC9cL21hcXVpbmFzY2FicmluaS5jb20uYnJcL3dwLWNvbnRlbnRcL3VwbG9hZHNcLzIwMjRcLzA0XC84MS5qcGciLCJzbGlkZXNob3ciOiJmNTIyZDE2In0%3D\" href='https:\/\/maquinascabrini.com.br\/wp-content\/uploads\/2024\/04\/81.jpg'><img loading=\"lazy\" decoding=\"async\" width=\"350\" height=\"300\" src=\"https:\/\/maquinascabrini.com.br\/wp-content\/uploads\/2024\/04\/81.jpg\" class=\"attachment-full size-full\" alt=\"\" srcset=\"https:\/\/maquinascabrini.com.br\/wp-content\/uploads\/2024\/04\/81.jpg 350w, https:\/\/maquinascabrini.com.br\/wp-content\/uploads\/2024\/04\/81-300x257.jpg 300w\" sizes=\"(max-width: 350px) 100vw, 350px\" \/><\/a>\n\t\t\t<\/div><\/figure>\n\t\t<\/div>\n\t\t<\/div>\n\t\t\t\t<\/div>\n\t\t\t\t<\/div>\n\t\t\t\t\t<\/div>\n\t\t\t\t<\/div>\n\t\t\t\t<\/div>\n\t\t","protected":false},"excerpt":{"rendered":"<p>M\u00e1quina de Cebola Descri\u00e7\u00e3o Tanque de chapa (tolva) para descarga da cebola Lonas transportadoras para distribui\u00e7\u00e3o da cebola Entrada de roletes em pvc Polidor com escovas de pelo 50% Exaustor de palha com tubula\u00e7\u00e3o Escolha de rolete em pvc Prote\u00e7\u00e3o acr\u00edlica contra poeira Ventilador para o rabicho do classificador Classificador de roletes lineares com suporte [&hellip;]<\/p>\n","protected":false},"author":1,"featured_media":0,"parent":0,"menu_order":0,"comment_status":"closed","ping_status":"closed","template":"elementor_header_footer","meta":{"footnotes":""},"class_list":["post-1087","page","type-page","status-publish","hentry"],"_links":{"self":[{"href":"https:\/\/maquinascabrini.com.br\/index.php?rest_route=\/wp\/v2\/pages\/1087","targetHints":{"allow":["GET"]}}],"collection":[{"href":"https:\/\/maquinascabrini.com.br\/index.php?rest_route=\/wp\/v2\/pages"}],"about":[{"href":"https:\/\/maquinascabrini.com.br\/index.php?rest_route=\/wp\/v2\/types\/page"}],"author":[{"embeddable":true,"href":"https:\/\/maquinascabrini.com.br\/index.php?rest_route=\/wp\/v2\/users\/1"}],"replies":[{"embeddable":true,"href":"https:\/\/maquinascabrini.com.br\/index.php?rest_route=%2Fwp%2Fv2%2Fcomments&post=1087"}],"version-history":[{"count":4,"href":"https:\/\/maquinascabrini.com.br\/index.php?rest_route=\/wp\/v2\/pages\/1087\/revisions"}],"predecessor-version":[{"id":1114,"href":"https:\/\/maquinascabrini.com.br\/index.php?rest_route=\/wp\/v2\/pages\/1087\/revisions\/1114"}],"wp:attachment":[{"href":"https:\/\/maquinascabrini.com.br\/index.php?rest_route=%2Fwp%2Fv2%2Fmedia&parent=1087"}],"curies":[{"name":"wp","href":"https:\/\/api.w.org\/{rel}","templated":true}]}}